{"id":8323,"date":"2023-04-17T08:25:16","date_gmt":"2023-04-17T08:25:16","guid":{"rendered":"https:\/\/hotelcvita.com\/impressum\/"},"modified":"2025-02-22T20:47:12","modified_gmt":"2025-02-22T20:47:12","slug":"impressum","status":"publish","type":"page","link":"https:\/\/hotelcvita.com\/de\/impressum\/","title":{"rendered":"Impressum"},"content":{"rendered":"\t\t<div data-elementor-type=\"wp-page\" data-elementor-id=\"8323\" class=\"elementor elementor-8323 elementor-5851\" data-elementor-post-type=\"page\">\n\t\t\t\t<div class=\"elementor-element elementor-element-59a78c8d e-flex e-con-boxed e-con e-parent\" data-id=\"59a78c8d\" data-element_type=\"container\" data-settings=\"{&quot;background_background&quot;:&quot;classic&quot;,&quot;background_motion_fx_motion_fx_scrolling&quot;:&quot;yes&quot;,&quot;background_motion_fx_translateY_effect&quot;:&quot;yes&quot;,&quot;background_motion_fx_translateY_speed&quot;:{&quot;unit&quot;:&quot;px&quot;,&quot;size&quot;:4,&quot;sizes&quot;:[]},&quot;background_motion_fx_translateY_affectedRange&quot;:{&quot;unit&quot;:&quot;%&quot;,&quot;size&quot;:&quot;&quot;,&quot;sizes&quot;:{&quot;start&quot;:0,&quot;end&quot;:100}},&quot;background_motion_fx_devices&quot;:[&quot;desktop&quot;,&quot;tablet&quot;,&quot;mobile&quot;]}\">\n\t\t\t\t\t<div class=\"e-con-inner\">\n\t\t<div class=\"elementor-element elementor-element-52588be4 e-con-full e-flex e-con e-child\" data-id=\"52588be4\" data-element_type=\"container\">\n\t\t<div class=\"elementor-element elementor-element-5a7c17cf e-con-full e-flex e-con e-child\" data-id=\"5a7c17cf\" data-element_type=\"container\">\n\t\t<div class=\"elementor-element elementor-element-4478da49 e-con-full e-flex e-con e-child\" data-id=\"4478da49\" data-element_type=\"container\">\n\t\t\t\t<\/div>\n\t\t\t\t<\/div>\n\t\t\t\t<\/div>\n\t\t\t\t\t<\/div>\n\t\t\t\t<\/div>\n\t\t<div class=\"elementor-element elementor-element-54d633c e-flex e-con-boxed e-con e-parent\" data-id=\"54d633c\" data-element_type=\"container\" data-settings=\"{&quot;background_background&quot;:&quot;classic&quot;}\">\n\t\t\t\t\t<div class=\"e-con-inner\">\n\t\t<div class=\"elementor-element elementor-element-49f8db1 e-con-full e-flex e-con e-child\" data-id=\"49f8db1\" data-element_type=\"container\">\n\t\t<div class=\"elementor-element elementor-element-037dca3 e-con-full e-flex e-con e-child\" data-id=\"037dca3\" data-element_type=\"container\">\n\t\t<div class=\"elementor-element elementor-element-f269b77 e-con-full e-flex e-con e-child\" data-id=\"f269b77\" data-element_type=\"container\">\n\t\t\t\t<div class=\"elementor-element elementor-element-bf67229 elementor-invisible elementor-widget elementor-widget-heading\" data-id=\"bf67229\" data-element_type=\"widget\" data-settings=\"{&quot;_animation&quot;:&quot;fadeInUp&quot;}\" data-widget_type=\"heading.default\">\n\t\t\t\t<div class=\"elementor-widget-container\">\n\t\t\t\t\t<h2 class=\"elementor-heading-title elementor-size-default\">Hotel Cvita  <\/h2>\t\t\t\t<\/div>\n\t\t\t\t<\/div>\n\t\t\t\t<div class=\"elementor-element elementor-element-4e4a220 elementor-widget elementor-widget-text-editor\" data-id=\"4e4a220\" data-element_type=\"widget\" data-widget_type=\"text-editor.default\">\n\t\t\t\t<div class=\"elementor-widget-container\">\n\t\t\t\t\t\t\t\t\t<p>\u00a9 Hotel Cvita, Plitvice \u0110oga\u0161 d.o.o. f\u00fcr Gastronomie und Tourismus, Tourismusagentur | Pod Kosom 40, 21000 Split | OIB: 65688097699 | MBS 060356033 | Beim Handelsgericht in Split eingetragenes Unternehmen Tt-17\/2405-4 | Grundkapital in H\u00f6he von 34.490.000,00 HRK vollst\u00e4ndig eingezahlt | Direktor: Iva \u0110oga\u0161 | Erste&amp;Steierm\u00e4rkische Bank | IBAN: HR0524020061100815108 | SWIFT (BIC): ESBCHR22 | <a href=\"https:\/\/hotelcvita.com\/de\/datenschutzbestimmungen\/\">Datenpolitik<\/a><\/p>\t\t\t\t\t\t\t\t<\/div>\n\t\t\t\t<\/div>\n\t\t\t\t<\/div>\n\t\t\t\t<\/div>\n\t\t\t\t<\/div>\n\t\t\t\t\t<\/div>\n\t\t\t\t<\/div>\n\t\t\t\t<\/div>\n\t\t","protected":false},"excerpt":{"rendered":"<p>Hotel Cvita \u00a9 Hotel Cvita, Plitvice \u0110oga\u0161 d.o.o. f\u00fcr Gastronomie und Tourismus, Tourismusagentur | Pod Kosom 40, 21000 Split | OIB: 65688097699 | MBS 060356033 | Beim Handelsgericht in Split eingetragenes Unternehmen Tt-17\/2405-4 | Grundkapital in H\u00f6he von 34.490.000,00 HRK vollst\u00e4ndig eingezahlt | Direktor: Iva \u0110oga\u0161 | Erste&amp;Steierm\u00e4rkische Bank | IBAN: HR0524020061100815108 | SWIFT (BIC): [&hellip;]<\/p>\n","protected":false},"author":1,"featured_media":0,"parent":0,"menu_order":5,"comment_status":"closed","ping_status":"closed","template":"elementor_header_footer","meta":{"_joinchat":[],"footnotes":""},"class_list":["post-8323","page","type-page","status-publish","hentry"],"yoast_head":"<!-- This site is optimized with the Yoast SEO plugin v26.2 - https:\/\/yoast.com\/wordpress\/plugins\/seo\/ -->\n<title>Impressum - Hotel Cvita Split Kroatien<\/title>\n<meta name=\"description\" content=\"Kontaktieren Sie das Hotel Cvita unter +385 21 549 731, +385 99 44 899 10, info@hotelcvita.com, Antuna Mihanovi\u0107a 42F, 21000-HR, Split, Kroatien\" \/>\n<meta name=\"robots\" content=\"index, follow, max-snippet:-1, max-image-preview:large, max-video-preview:-1\" \/>\n<link rel=\"canonical\" href=\"https:\/\/hotelcvita.com\/de\/impressum\/\" \/>\n<meta property=\"og:locale\" content=\"de_DE\" \/>\n<meta property=\"og:type\" content=\"article\" \/>\n<meta property=\"og:title\" content=\"Impressum - Hotel Cvita Split Kroatien\" \/>\n<meta property=\"og:description\" content=\"Kontaktieren Sie das Hotel Cvita unter +385 21 549 731, +385 99 44 899 10, info@hotelcvita.com, Antuna Mihanovi\u0107a 42F, 21000-HR, Split, Kroatien\" \/>\n<meta property=\"og:url\" content=\"https:\/\/hotelcvita.com\/de\/impressum\/\" \/>\n<meta property=\"og:site_name\" content=\"Hotel Cvita Split Kroatien\" \/>\n<meta property=\"article:modified_time\" content=\"2025-02-22T20:47:12+00:00\" \/>\n<meta name=\"twitter:card\" content=\"summary_large_image\" \/>\n<script type=\"application\/ld+json\" class=\"yoast-schema-graph\">{\"@context\":\"https:\/\/schema.org\",\"@graph\":[{\"@type\":\"WebPage\",\"@id\":\"https:\/\/hotelcvita.com\/de\/impressum\/\",\"url\":\"https:\/\/hotelcvita.com\/de\/impressum\/\",\"name\":\"Impressum - Hotel Cvita Split Kroatien\",\"isPartOf\":{\"@id\":\"https:\/\/hotelcvita.com\/de\/#website\"},\"datePublished\":\"2023-04-17T08:25:16+00:00\",\"dateModified\":\"2025-02-22T20:47:12+00:00\",\"description\":\"Kontaktieren Sie das Hotel Cvita unter +385 21 549 731, +385 99 44 899 10, info@hotelcvita.com, Antuna Mihanovi\u0107a 42F, 21000-HR, Split, Kroatien\",\"breadcrumb\":{\"@id\":\"https:\/\/hotelcvita.com\/de\/impressum\/#breadcrumb\"},\"inLanguage\":\"de\",\"potentialAction\":[{\"@type\":\"ReadAction\",\"target\":[\"https:\/\/hotelcvita.com\/de\/impressum\/\"]}]},{\"@type\":\"BreadcrumbList\",\"@id\":\"https:\/\/hotelcvita.com\/de\/impressum\/#breadcrumb\",\"itemListElement\":[{\"@type\":\"ListItem\",\"position\":1,\"name\":\"Home\",\"item\":\"https:\/\/hotelcvita.com\/de\/\"},{\"@type\":\"ListItem\",\"position\":2,\"name\":\"Impressum\"}]},{\"@type\":\"WebSite\",\"@id\":\"https:\/\/hotelcvita.com\/de\/#website\",\"url\":\"https:\/\/hotelcvita.com\/de\/\",\"name\":\"Hotel Cvita Split Kroatien\",\"description\":\"\u00dcbernachten Sie im Hotel Cvita, einem luxuri\u00f6sen Zufluchtsort im Marjan Park mit atemberaubendem Blick auf die Adria, nur wenige Minuten vom UNESCO-gesch\u00fctzten Stadtzentrum von Split entfernt.\",\"publisher\":{\"@id\":\"https:\/\/hotelcvita.com\/de\/#organization\"},\"potentialAction\":[{\"@type\":\"SearchAction\",\"target\":{\"@type\":\"EntryPoint\",\"urlTemplate\":\"https:\/\/hotelcvita.com\/de\/?s={search_term_string}\"},\"query-input\":{\"@type\":\"PropertyValueSpecification\",\"valueRequired\":true,\"valueName\":\"search_term_string\"}}],\"inLanguage\":\"de\"},{\"@type\":\"Organization\",\"@id\":\"https:\/\/hotelcvita.com\/de\/#organization\",\"name\":\"Hotel Cvita Split Kroatien\",\"url\":\"https:\/\/hotelcvita.com\/de\/\",\"logo\":{\"@type\":\"ImageObject\",\"inLanguage\":\"de\",\"@id\":\"https:\/\/hotelcvita.com\/de\/#\/schema\/logo\/image\/\",\"url\":\"https:\/\/hotelcvita.com\/wp-content\/uploads\/2024\/10\/hotel-cvita-split-logo.png\",\"contentUrl\":\"https:\/\/hotelcvita.com\/wp-content\/uploads\/2024\/10\/hotel-cvita-split-logo.png\",\"width\":360,\"height\":360,\"caption\":\"Hotel Cvita Split Kroatien\"},\"image\":{\"@id\":\"https:\/\/hotelcvita.com\/de\/#\/schema\/logo\/image\/\"}}]}<\/script>\n<!-- \/ Yoast SEO plugin. -->","yoast_head_json":{"title":"Impressum - Hotel Cvita Split Kroatien","description":"Kontaktieren Sie das Hotel Cvita unter +385 21 549 731, +385 99 44 899 10, info@hotelcvita.com, Antuna Mihanovi\u0107a 42F, 21000-HR, Split, Kroatien","robots":{"index":"index","follow":"follow","max-snippet":"max-snippet:-1","max-image-preview":"max-image-preview:large","max-video-preview":"max-video-preview:-1"},"canonical":"https:\/\/hotelcvita.com\/de\/impressum\/","og_locale":"de_DE","og_type":"article","og_title":"Impressum - Hotel Cvita Split Kroatien","og_description":"Kontaktieren Sie das Hotel Cvita unter +385 21 549 731, +385 99 44 899 10, info@hotelcvita.com, Antuna Mihanovi\u0107a 42F, 21000-HR, Split, Kroatien","og_url":"https:\/\/hotelcvita.com\/de\/impressum\/","og_site_name":"Hotel Cvita Split Kroatien","article_modified_time":"2025-02-22T20:47:12+00:00","twitter_card":"summary_large_image","schema":{"@context":"https:\/\/schema.org","@graph":[{"@type":"WebPage","@id":"https:\/\/hotelcvita.com\/de\/impressum\/","url":"https:\/\/hotelcvita.com\/de\/impressum\/","name":"Impressum - Hotel Cvita Split Kroatien","isPartOf":{"@id":"https:\/\/hotelcvita.com\/de\/#website"},"datePublished":"2023-04-17T08:25:16+00:00","dateModified":"2025-02-22T20:47:12+00:00","description":"Kontaktieren Sie das Hotel Cvita unter +385 21 549 731, +385 99 44 899 10, info@hotelcvita.com, Antuna Mihanovi\u0107a 42F, 21000-HR, Split, Kroatien","breadcrumb":{"@id":"https:\/\/hotelcvita.com\/de\/impressum\/#breadcrumb"},"inLanguage":"de","potentialAction":[{"@type":"ReadAction","target":["https:\/\/hotelcvita.com\/de\/impressum\/"]}]},{"@type":"BreadcrumbList","@id":"https:\/\/hotelcvita.com\/de\/impressum\/#breadcrumb","itemListElement":[{"@type":"ListItem","position":1,"name":"Home","item":"https:\/\/hotelcvita.com\/de\/"},{"@type":"ListItem","position":2,"name":"Impressum"}]},{"@type":"WebSite","@id":"https:\/\/hotelcvita.com\/de\/#website","url":"https:\/\/hotelcvita.com\/de\/","name":"Hotel Cvita Split Kroatien","description":"\u00dcbernachten Sie im Hotel Cvita, einem luxuri\u00f6sen Zufluchtsort im Marjan Park mit atemberaubendem Blick auf die Adria, nur wenige Minuten vom UNESCO-gesch\u00fctzten Stadtzentrum von Split entfernt.","publisher":{"@id":"https:\/\/hotelcvita.com\/de\/#organization"},"potentialAction":[{"@type":"SearchAction","target":{"@type":"EntryPoint","urlTemplate":"https:\/\/hotelcvita.com\/de\/?s={search_term_string}"},"query-input":{"@type":"PropertyValueSpecification","valueRequired":true,"valueName":"search_term_string"}}],"inLanguage":"de"},{"@type":"Organization","@id":"https:\/\/hotelcvita.com\/de\/#organization","name":"Hotel Cvita Split Kroatien","url":"https:\/\/hotelcvita.com\/de\/","logo":{"@type":"ImageObject","inLanguage":"de","@id":"https:\/\/hotelcvita.com\/de\/#\/schema\/logo\/image\/","url":"https:\/\/hotelcvita.com\/wp-content\/uploads\/2024\/10\/hotel-cvita-split-logo.png","contentUrl":"https:\/\/hotelcvita.com\/wp-content\/uploads\/2024\/10\/hotel-cvita-split-logo.png","width":360,"height":360,"caption":"Hotel Cvita Split Kroatien"},"image":{"@id":"https:\/\/hotelcvita.com\/de\/#\/schema\/logo\/image\/"}}]}},"_links":{"self":[{"href":"https:\/\/hotelcvita.com\/de\/wp-json\/wp\/v2\/pages\/8323","targetHints":{"allow":["GET"]}}],"collection":[{"href":"https:\/\/hotelcvita.com\/de\/wp-json\/wp\/v2\/pages"}],"about":[{"href":"https:\/\/hotelcvita.com\/de\/wp-json\/wp\/v2\/types\/page"}],"author":[{"embeddable":true,"href":"https:\/\/hotelcvita.com\/de\/wp-json\/wp\/v2\/users\/1"}],"replies":[{"embeddable":true,"href":"https:\/\/hotelcvita.com\/de\/wp-json\/wp\/v2\/comments?post=8323"}],"version-history":[{"count":2,"href":"https:\/\/hotelcvita.com\/de\/wp-json\/wp\/v2\/pages\/8323\/revisions"}],"predecessor-version":[{"id":8530,"href":"https:\/\/hotelcvita.com\/de\/wp-json\/wp\/v2\/pages\/8323\/revisions\/8530"}],"wp:attachment":[{"href":"https:\/\/hotelcvita.com\/de\/wp-json\/wp\/v2\/media?parent=8323"}],"curies":[{"name":"wp","href":"https:\/\/api.w.org\/{rel}","templated":true}]}}