{"id":8329,"date":"2024-10-16T10:45:58","date_gmt":"2024-10-16T10:45:58","guid":{"rendered":"https:\/\/hotelcvita.com\/datenschutzbestimmungen\/"},"modified":"2025-02-22T19:48:56","modified_gmt":"2025-02-22T19:48:56","slug":"datenschutzbestimmungen","status":"publish","type":"page","link":"https:\/\/hotelcvita.com\/de\/datenschutzbestimmungen\/","title":{"rendered":"Datenschutzbestimmungen"},"content":{"rendered":"\t\t<div data-elementor-type=\"wp-page\" data-elementor-id=\"8329\" class=\"elementor elementor-8329 elementor-3\" data-elementor-post-type=\"page\">\n\t\t\t\t<div class=\"elementor-element elementor-element-1e395079 e-flex e-con-boxed e-con e-parent\" data-id=\"1e395079\" data-element_type=\"container\" data-settings=\"{&quot;background_background&quot;:&quot;classic&quot;,&quot;background_motion_fx_motion_fx_scrolling&quot;:&quot;yes&quot;,&quot;background_motion_fx_translateY_effect&quot;:&quot;yes&quot;,&quot;background_motion_fx_translateY_speed&quot;:{&quot;unit&quot;:&quot;px&quot;,&quot;size&quot;:4,&quot;sizes&quot;:[]},&quot;background_motion_fx_translateY_affectedRange&quot;:{&quot;unit&quot;:&quot;%&quot;,&quot;size&quot;:&quot;&quot;,&quot;sizes&quot;:{&quot;start&quot;:0,&quot;end&quot;:100}},&quot;background_motion_fx_devices&quot;:[&quot;desktop&quot;,&quot;tablet&quot;,&quot;mobile&quot;]}\">\n\t\t\t\t\t<div class=\"e-con-inner\">\n\t\t<div class=\"elementor-element elementor-element-56f90927 e-con-full e-flex e-con e-child\" data-id=\"56f90927\" data-element_type=\"container\">\n\t\t<div class=\"elementor-element elementor-element-6f458a16 e-con-full e-flex e-con e-child\" data-id=\"6f458a16\" data-element_type=\"container\">\n\t\t<div class=\"elementor-element elementor-element-6f7ae553 e-con-full e-flex e-con e-child\" data-id=\"6f7ae553\" data-element_type=\"container\">\n\t\t\t\t<\/div>\n\t\t\t\t<\/div>\n\t\t\t\t<\/div>\n\t\t\t\t\t<\/div>\n\t\t\t\t<\/div>\n\t\t<div class=\"elementor-element elementor-element-94c9cb3 e-flex e-con-boxed e-con e-parent\" data-id=\"94c9cb3\" data-element_type=\"container\" data-settings=\"{&quot;background_background&quot;:&quot;classic&quot;}\">\n\t\t\t\t\t<div class=\"e-con-inner\">\n\t\t<div class=\"elementor-element elementor-element-53f0406 e-con-full e-flex e-con e-child\" data-id=\"53f0406\" data-element_type=\"container\">\n\t\t\t\t<div class=\"elementor-element elementor-element-5e0c738 elementor-widget elementor-widget-text-editor\" data-id=\"5e0c738\" data-element_type=\"widget\" data-widget_type=\"text-editor.default\">\n\t\t\t\t<div class=\"elementor-widget-container\">\n\t\t\t\t\t\t\t\t\t<p><em><strong>Privatsph\u00e4re und Schutz pers\u00f6nlicher Daten<\/strong><\/em><\/p><p>Hotel Cvita verpflichtet sich, den Schutz der Kundendaten zu gew\u00e4hrleisten, indem wir nur die grundlegenden Besucherinformationen sammeln, die zur Erf\u00fcllung unserer Verpflichtungen erforderlich sind, die K\u00e4ufer \u00fcber die Verwendung der gesammelten Daten informieren und den Kunden regelm\u00e4\u00dfig die Wahl lassen, wie sie ihre Daten verwenden m\u00f6chten, einschlie\u00dflich der M\u00f6glichkeit zu entscheiden, ob sie ihren Namen aus den f\u00fcr Marketingkampagnen verwendeten Listen streichen m\u00f6chten oder nicht. Alle Kundendaten werden streng aufbewahrt und sind nur den Mitarbeitern zug\u00e4nglich, deren Daten f\u00fcr die Gesch\u00e4ftsabwicklung notwendig sind. Alle Mitarbeiter sind f\u00fcr die Einhaltung der Datenschutzrichtlinien verantwortlich. Wir respektieren die Privatsph\u00e4re der Besucher auf der Website www.hotelcvita.com und sammeln pers\u00f6nliche Daten wie Benutzername, Adresse, Telefonnummer oder E-Mail-Adresse des Benutzers nur, wenn diese Daten freiwillig an uns \u00fcbermittelt werden. Diese Daten werden zum Zweck der Kontaktaufnahme und der Erfassung des Nutzers dieser Website sowie zur statistischen Auswertung des Website-Besuchs verwendet. Die oben genannten Daten werden ohne die ausdr\u00fcckliche Zustimmung des Nutzers weder verkauft noch verwendet noch an Dritte weitergegeben. Jede \u00c4nderung der Datenschutzpolitik wird auf dieser Website ver\u00f6ffentlicht. Von Nutzern \u00fcbermittelte Mitteilungen oder Materialien wie Fragen, Kommentare, Vorschl\u00e4ge usw. werden nicht als vertraulich betrachtet.       <\/p><p><strong>Cookies<\/strong><\/p><p>Um das Browsing-Erlebnis und die Nutzung dieser Seite zu verbessern, speichert diese Seite eine kleine Menge an Informationen (Cookies). Die Informationen werden zur Nachverfolgung des Datenverkehrs und der Kundencharakteristika, zur Sammlung von Informationen \u00fcber die Pr\u00e4ferenzen und das Verhalten der Besucher sowie zur Sammlung von Informationen f\u00fcr interne Statistiken gesammelt, um den Service zu verbessern. Wenn Sie die Cookies blockieren, k\u00f6nnen Sie die Seite zwar weiterhin besuchen, aber einige ihrer Funktionen sind dann nicht verf\u00fcgbar. <\/p><p><strong>Was ist ein Cookie?<\/strong><\/p><p>Die Cookie-Informationen werden von der Website, die Sie besuchen, auf Ihrem Computer gespeichert. Cookies speichern in der Regel Ihre Website-Einstellungen, wie z.B. die bevorzugte Sprache oder Adresse. Wenn Sie sp\u00e4ter dieselbe Webseite erneut \u00f6ffnen, sendet der Internetbrowser die zu dieser Seite geh\u00f6renden Cookies zur\u00fcck. Dadurch kann die Seite Informationen anzeigen, die auf Ihre Bed\u00fcrfnisse zugeschnitten sind. Cookies k\u00f6nnen eine Vielzahl von Informationen speichern, darunter auch pers\u00f6nliche Daten (wie Ihren Namen oder Ihre E-Mail-Adresse). Diese Informationen k\u00f6nnen jedoch nur gespeichert werden, wenn Sie dies zulassen &#8211; die Websites k\u00f6nnen nicht auf die Informationen zugreifen, die Sie ihnen nicht zur Verf\u00fcgung gestellt haben, und k\u00f6nnen auch nicht auf andere Dateien auf Ihrem Computer zugreifen. Die Standardaktivit\u00e4t zum Speichern und Senden von Cookies ist f\u00fcr Sie nicht sichtbar. Sie k\u00f6nnen jedoch die Einstellungen Ihres Internetbrowsers \u00e4ndern, so dass Sie selbst entscheiden k\u00f6nnen, ob Sie Cookie-Anfragen zulassen oder ablehnen, Cookies automatisch l\u00f6schen, wenn Sie Ihren Browser schlie\u00dfen, und \u00e4hnliches.       <\/p><p><strong>Wie Sie Cookies deaktivieren<\/strong><\/p><p>Indem Sie Cookies deaktivieren, entscheiden Sie, ob Sie die Speicherung von Cookies auf Ihrem Computer zulassen. Die Cookie-Einstellungen k\u00f6nnen im Webbrowser kontrolliert und konfiguriert werden. Um Informationen zu den Cookie-Einstellungen zu erhalten, w\u00e4hlen Sie den von Ihnen verwendeten Webbrowser: Chrome, Firefox, Internet Explorer 9, Internet Explorer 7 und 8, Opera (englische Seite), Safari (englische Seite). Wenn Sie Cookies deaktivieren, k\u00f6nnen Sie einige der Funktionen auf der Webseite nicht nutzen.   <\/p><p><strong>Was sind tempor\u00e4re Cookies?<\/strong><\/p><p>Tempor\u00e4re Cookies oder Sitzungscookies werden von Ihrem Computer entfernt, wenn Sie Ihren Internetbrowser schlie\u00dfen. Mit ihnen speichern Websites tempor\u00e4re Informationen, wie z.B. Artikel in einem Einkaufswagen. <\/p><p><strong>Was sind permanente Cookies?<\/strong><\/p><p>Permanente oder gespeicherte Cookies verbleiben auf Ihrem Computer, nachdem Sie Ihr Internet-Browserprogramm geschlossen haben. Mit ihnen speichern Websites Informationen wie Ihren Anmeldenamen und Ihr Kennwort, so dass Sie sich nicht bei jedem Besuch eines bestimmten Ortes neu anmelden m\u00fcssen. Permanente Cookies verbleiben f\u00fcr Tage, Monate oder sogar Jahre auf Ihrem Computer.  <\/p><p><strong>Was sind Cookies von Erstanbietern?<\/strong><\/p><p>Erstanbieter-Cookies stammen von den Websites, die Sie besuchen, und k\u00f6nnen permanent oder tempor\u00e4r sein. Mit diesen Cookies k\u00f6nnen Websites die Daten speichern, die sie bei einem erneuten Besuch der Website verwenden werden. <\/p><p><strong>Was sind Cookies von Dritten?<\/strong><\/p><p>Cookies von Drittanbietern stammen von Werbung von anderen Websites (z. B. Pop-up- oder andere Werbung), die auf der von Ihnen besuchten Website angezeigt wird. Mit diesen Cookies k\u00f6nnen Websites die Internetnutzung zu Marketingzwecken verfolgen. <\/p><p><strong>Verwendet das Hotel Cvita Cookies?<\/strong><\/p><p>Ja, mit dem prim\u00e4ren Ziel, unsere Website f\u00fcr die Benutzer zu verbessern.<\/p><p><strong>Welche Art von Cookies verwendet die Villa Kogo und warum?<\/strong><\/p><p>&#8211; Sitzungscookies &#8211; auch bekannt als Session-Cookies &#8211; werden automatisch gel\u00f6scht, wenn Sie Ihren Internetbrowser schlie\u00dfen. Wir verwenden sie, um die Besucherzahlen zu messen. <br>&#8211; Dauerhafte Cookies &#8211; haben in der Regel ein weit in der Zukunft liegendes Verfallsdatum und bleiben im Browser gespeichert, bis sie ablaufen oder bis Sie sie manuell l\u00f6schen. Wir verwenden permanente Cookies, um Ihre Anwesenheit zu messen. Wir verwenden permanente Cookies auch, um die Gewohnheiten der Nutzer besser zu verstehen, damit wir die Website entsprechend Ihren Gewohnheiten verbessern k\u00f6nnen. Diese Informationen sind anonym &#8211; wir sehen keine individuellen Benutzerinformationen.   <\/p><p><strong>Verwendet die Website Cookies von Dritten?<\/strong><\/p><p>Es gibt verschiedene externe Dienste, die Cookies f\u00fcr einen Benutzer speichern. Diese Cookies werden nicht von dieser Website gesetzt, aber einige dienen dem normalen Funktionieren bestimmter Funktionen, die dem Benutzer den Zugriff auf Inhalte erleichtern. <\/p><p><strong>Messung der Anwesenheit<\/strong><\/p><p>Diese Seite verwendet verschiedene Messdienste, wie z.B. Google Analytics.<\/p><p><strong>Weitere Informationen zur Deaktivierung von Cookies<\/strong><\/p><p>Es gibt derzeit mehrere Websites, die Cookies f\u00fcr verschiedene Dienste ausschlie\u00dfen. Unter den folgenden Links k\u00f6nnen Sie mehr dar\u00fcber erfahren:<br>http:\/\/www.allaboutcookies.org\/<br>http:\/\/www.youronlinechoices.eu\/<br>http:\/\/www.aboutads.info\/choices\/ <\/p><p>F\u00fcr alle weiteren Informationen sowie Kopien der erfassten Daten oder wenn Sie einen Antrag auf L\u00f6schung der Daten stellen m\u00f6chten, kontaktieren Sie uns bitte:<\/p><p>Antuna Mihanovi\u0107a 42F<br>21000 Split, Kroatien<\/p><p>  T: +385 21 549 731<\/p><p>M: +385 99 44 899 10<\/p><p><a href=\"mailto:info@hotelcvita.com\">info@hotelcvita.com<\/a><\/p>\t\t\t\t\t\t\t\t<\/div>\n\t\t\t\t<\/div>\n\t\t\t\t<\/div>\n\t\t\t\t\t<\/div>\n\t\t\t\t<\/div>\n\t\t\t\t<\/div>\n\t\t","protected":false},"excerpt":{"rendered":"<p>Privatsph\u00e4re und Schutz pers\u00f6nlicher Daten Hotel Cvita verpflichtet sich, den Schutz der Kundendaten zu gew\u00e4hrleisten, indem wir nur die grundlegenden Besucherinformationen sammeln, die zur Erf\u00fcllung unserer Verpflichtungen erforderlich sind, die K\u00e4ufer \u00fcber die Verwendung der gesammelten Daten informieren und den Kunden regelm\u00e4\u00dfig die Wahl lassen, wie sie ihre Daten verwenden m\u00f6chten, einschlie\u00dflich der M\u00f6glichkeit zu [&hellip;]<\/p>\n","protected":false},"author":1,"featured_media":0,"parent":0,"menu_order":0,"comment_status":"closed","ping_status":"closed","template":"elementor_header_footer","meta":{"_joinchat":[],"footnotes":""},"class_list":["post-8329","page","type-page","status-publish","hentry"],"yoast_head":"<!-- This site is optimized with the Yoast SEO plugin v26.2 - https:\/\/yoast.com\/wordpress\/plugins\/seo\/ -->\n<title>Datenschutzbestimmungen - Hotel Cvita Split Kroatien<\/title>\n<meta name=\"robots\" content=\"index, follow, max-snippet:-1, max-image-preview:large, max-video-preview:-1\" \/>\n<link rel=\"canonical\" href=\"https:\/\/hotelcvita.com\/de\/datenschutzbestimmungen\/\" \/>\n<meta property=\"og:locale\" content=\"de_DE\" \/>\n<meta property=\"og:type\" content=\"article\" \/>\n<meta property=\"og:title\" content=\"Datenschutzbestimmungen - Hotel Cvita Split Kroatien\" \/>\n<meta property=\"og:description\" content=\"Privatsph\u00e4re und Schutz pers\u00f6nlicher Daten Hotel Cvita verpflichtet sich, den Schutz der Kundendaten zu gew\u00e4hrleisten, indem wir nur die grundlegenden Besucherinformationen sammeln, die zur Erf\u00fcllung unserer Verpflichtungen erforderlich sind, die K\u00e4ufer \u00fcber die Verwendung der gesammelten Daten informieren und den Kunden regelm\u00e4\u00dfig die Wahl lassen, wie sie ihre Daten verwenden m\u00f6chten, einschlie\u00dflich der M\u00f6glichkeit zu [&hellip;]\" \/>\n<meta property=\"og:url\" content=\"https:\/\/hotelcvita.com\/de\/datenschutzbestimmungen\/\" \/>\n<meta property=\"og:site_name\" content=\"Hotel Cvita Split Kroatien\" \/>\n<meta property=\"article:modified_time\" content=\"2025-02-22T19:48:56+00:00\" \/>\n<meta name=\"twitter:card\" content=\"summary_large_image\" \/>\n<meta name=\"twitter:label1\" content=\"Gesch\u00e4tzte Lesezeit\" \/>\n\t<meta name=\"twitter:data1\" content=\"5\u00a0Minuten\" \/>\n<script type=\"application\/ld+json\" class=\"yoast-schema-graph\">{\"@context\":\"https:\/\/schema.org\",\"@graph\":[{\"@type\":\"WebPage\",\"@id\":\"https:\/\/hotelcvita.com\/de\/datenschutzbestimmungen\/\",\"url\":\"https:\/\/hotelcvita.com\/de\/datenschutzbestimmungen\/\",\"name\":\"Datenschutzbestimmungen - Hotel Cvita Split Kroatien\",\"isPartOf\":{\"@id\":\"https:\/\/hotelcvita.com\/de\/#website\"},\"datePublished\":\"2024-10-16T10:45:58+00:00\",\"dateModified\":\"2025-02-22T19:48:56+00:00\",\"breadcrumb\":{\"@id\":\"https:\/\/hotelcvita.com\/de\/datenschutzbestimmungen\/#breadcrumb\"},\"inLanguage\":\"de\",\"potentialAction\":[{\"@type\":\"ReadAction\",\"target\":[\"https:\/\/hotelcvita.com\/de\/datenschutzbestimmungen\/\"]}]},{\"@type\":\"BreadcrumbList\",\"@id\":\"https:\/\/hotelcvita.com\/de\/datenschutzbestimmungen\/#breadcrumb\",\"itemListElement\":[{\"@type\":\"ListItem\",\"position\":1,\"name\":\"Home\",\"item\":\"https:\/\/hotelcvita.com\/de\/\"},{\"@type\":\"ListItem\",\"position\":2,\"name\":\"Datenschutzbestimmungen\"}]},{\"@type\":\"WebSite\",\"@id\":\"https:\/\/hotelcvita.com\/de\/#website\",\"url\":\"https:\/\/hotelcvita.com\/de\/\",\"name\":\"Hotel Cvita Split Kroatien\",\"description\":\"\u00dcbernachten Sie im Hotel Cvita, einem luxuri\u00f6sen Zufluchtsort im Marjan Park mit atemberaubendem Blick auf die Adria, nur wenige Minuten vom UNESCO-gesch\u00fctzten Stadtzentrum von Split entfernt.\",\"publisher\":{\"@id\":\"https:\/\/hotelcvita.com\/de\/#organization\"},\"potentialAction\":[{\"@type\":\"SearchAction\",\"target\":{\"@type\":\"EntryPoint\",\"urlTemplate\":\"https:\/\/hotelcvita.com\/de\/?s={search_term_string}\"},\"query-input\":{\"@type\":\"PropertyValueSpecification\",\"valueRequired\":true,\"valueName\":\"search_term_string\"}}],\"inLanguage\":\"de\"},{\"@type\":\"Organization\",\"@id\":\"https:\/\/hotelcvita.com\/de\/#organization\",\"name\":\"Hotel Cvita Split Kroatien\",\"url\":\"https:\/\/hotelcvita.com\/de\/\",\"logo\":{\"@type\":\"ImageObject\",\"inLanguage\":\"de\",\"@id\":\"https:\/\/hotelcvita.com\/de\/#\/schema\/logo\/image\/\",\"url\":\"https:\/\/hotelcvita.com\/wp-content\/uploads\/2024\/10\/hotel-cvita-split-logo.png\",\"contentUrl\":\"https:\/\/hotelcvita.com\/wp-content\/uploads\/2024\/10\/hotel-cvita-split-logo.png\",\"width\":360,\"height\":360,\"caption\":\"Hotel Cvita Split Kroatien\"},\"image\":{\"@id\":\"https:\/\/hotelcvita.com\/de\/#\/schema\/logo\/image\/\"}}]}<\/script>\n<!-- \/ Yoast SEO plugin. -->","yoast_head_json":{"title":"Datenschutzbestimmungen - Hotel Cvita Split Kroatien","robots":{"index":"index","follow":"follow","max-snippet":"max-snippet:-1","max-image-preview":"max-image-preview:large","max-video-preview":"max-video-preview:-1"},"canonical":"https:\/\/hotelcvita.com\/de\/datenschutzbestimmungen\/","og_locale":"de_DE","og_type":"article","og_title":"Datenschutzbestimmungen - Hotel Cvita Split Kroatien","og_description":"Privatsph\u00e4re und Schutz pers\u00f6nlicher Daten Hotel Cvita verpflichtet sich, den Schutz der Kundendaten zu gew\u00e4hrleisten, indem wir nur die grundlegenden Besucherinformationen sammeln, die zur Erf\u00fcllung unserer Verpflichtungen erforderlich sind, die K\u00e4ufer \u00fcber die Verwendung der gesammelten Daten informieren und den Kunden regelm\u00e4\u00dfig die Wahl lassen, wie sie ihre Daten verwenden m\u00f6chten, einschlie\u00dflich der M\u00f6glichkeit zu [&hellip;]","og_url":"https:\/\/hotelcvita.com\/de\/datenschutzbestimmungen\/","og_site_name":"Hotel Cvita Split Kroatien","article_modified_time":"2025-02-22T19:48:56+00:00","twitter_card":"summary_large_image","twitter_misc":{"Gesch\u00e4tzte Lesezeit":"5\u00a0Minuten"},"schema":{"@context":"https:\/\/schema.org","@graph":[{"@type":"WebPage","@id":"https:\/\/hotelcvita.com\/de\/datenschutzbestimmungen\/","url":"https:\/\/hotelcvita.com\/de\/datenschutzbestimmungen\/","name":"Datenschutzbestimmungen - Hotel Cvita Split Kroatien","isPartOf":{"@id":"https:\/\/hotelcvita.com\/de\/#website"},"datePublished":"2024-10-16T10:45:58+00:00","dateModified":"2025-02-22T19:48:56+00:00","breadcrumb":{"@id":"https:\/\/hotelcvita.com\/de\/datenschutzbestimmungen\/#breadcrumb"},"inLanguage":"de","potentialAction":[{"@type":"ReadAction","target":["https:\/\/hotelcvita.com\/de\/datenschutzbestimmungen\/"]}]},{"@type":"BreadcrumbList","@id":"https:\/\/hotelcvita.com\/de\/datenschutzbestimmungen\/#breadcrumb","itemListElement":[{"@type":"ListItem","position":1,"name":"Home","item":"https:\/\/hotelcvita.com\/de\/"},{"@type":"ListItem","position":2,"name":"Datenschutzbestimmungen"}]},{"@type":"WebSite","@id":"https:\/\/hotelcvita.com\/de\/#website","url":"https:\/\/hotelcvita.com\/de\/","name":"Hotel Cvita Split Kroatien","description":"\u00dcbernachten Sie im Hotel Cvita, einem luxuri\u00f6sen Zufluchtsort im Marjan Park mit atemberaubendem Blick auf die Adria, nur wenige Minuten vom UNESCO-gesch\u00fctzten Stadtzentrum von Split entfernt.","publisher":{"@id":"https:\/\/hotelcvita.com\/de\/#organization"},"potentialAction":[{"@type":"SearchAction","target":{"@type":"EntryPoint","urlTemplate":"https:\/\/hotelcvita.com\/de\/?s={search_term_string}"},"query-input":{"@type":"PropertyValueSpecification","valueRequired":true,"valueName":"search_term_string"}}],"inLanguage":"de"},{"@type":"Organization","@id":"https:\/\/hotelcvita.com\/de\/#organization","name":"Hotel Cvita Split Kroatien","url":"https:\/\/hotelcvita.com\/de\/","logo":{"@type":"ImageObject","inLanguage":"de","@id":"https:\/\/hotelcvita.com\/de\/#\/schema\/logo\/image\/","url":"https:\/\/hotelcvita.com\/wp-content\/uploads\/2024\/10\/hotel-cvita-split-logo.png","contentUrl":"https:\/\/hotelcvita.com\/wp-content\/uploads\/2024\/10\/hotel-cvita-split-logo.png","width":360,"height":360,"caption":"Hotel Cvita Split Kroatien"},"image":{"@id":"https:\/\/hotelcvita.com\/de\/#\/schema\/logo\/image\/"}}]}},"_links":{"self":[{"href":"https:\/\/hotelcvita.com\/de\/wp-json\/wp\/v2\/pages\/8329","targetHints":{"allow":["GET"]}}],"collection":[{"href":"https:\/\/hotelcvita.com\/de\/wp-json\/wp\/v2\/pages"}],"about":[{"href":"https:\/\/hotelcvita.com\/de\/wp-json\/wp\/v2\/types\/page"}],"author":[{"embeddable":true,"href":"https:\/\/hotelcvita.com\/de\/wp-json\/wp\/v2\/users\/1"}],"replies":[{"embeddable":true,"href":"https:\/\/hotelcvita.com\/de\/wp-json\/wp\/v2\/comments?post=8329"}],"version-history":[{"count":1,"href":"https:\/\/hotelcvita.com\/de\/wp-json\/wp\/v2\/pages\/8329\/revisions"}],"predecessor-version":[{"id":8331,"href":"https:\/\/hotelcvita.com\/de\/wp-json\/wp\/v2\/pages\/8329\/revisions\/8331"}],"wp:attachment":[{"href":"https:\/\/hotelcvita.com\/de\/wp-json\/wp\/v2\/media?parent=8329"}],"curies":[{"name":"wp","href":"https:\/\/api.w.org\/{rel}","templated":true}]}}