{"id":8494,"date":"2020-04-08T12:20:56","date_gmt":"2020-04-08T12:20:56","guid":{"rendered":"https:\/\/hotelcvita.com\/vielen-dank\/"},"modified":"2025-02-22T19:51:31","modified_gmt":"2025-02-22T19:51:31","slug":"vielen-dank","status":"publish","type":"page","link":"https:\/\/hotelcvita.com\/de\/vielen-dank\/","title":{"rendered":"Vielen Dank!"},"content":{"rendered":"\t\t<div data-elementor-type=\"wp-page\" data-elementor-id=\"8494\" class=\"elementor elementor-8494 elementor-1730\" data-elementor-post-type=\"page\">\n\t\t\t\t<div class=\"elementor-element elementor-element-61d83e9c e-flex e-con-boxed e-con e-parent\" data-id=\"61d83e9c\" data-element_type=\"container\" data-settings=\"{&quot;background_background&quot;:&quot;classic&quot;,&quot;background_motion_fx_motion_fx_scrolling&quot;:&quot;yes&quot;,&quot;background_motion_fx_translateY_effect&quot;:&quot;yes&quot;,&quot;background_motion_fx_translateY_speed&quot;:{&quot;unit&quot;:&quot;px&quot;,&quot;size&quot;:4,&quot;sizes&quot;:[]},&quot;background_motion_fx_translateY_affectedRange&quot;:{&quot;unit&quot;:&quot;%&quot;,&quot;size&quot;:&quot;&quot;,&quot;sizes&quot;:{&quot;start&quot;:0,&quot;end&quot;:100}},&quot;background_motion_fx_devices&quot;:[&quot;desktop&quot;,&quot;tablet&quot;,&quot;mobile&quot;]}\">\n\t\t\t\t\t<div class=\"e-con-inner\">\n\t\t<div class=\"elementor-element elementor-element-3b6d1109 e-con-full e-flex e-con e-child\" data-id=\"3b6d1109\" data-element_type=\"container\">\n\t\t<div class=\"elementor-element elementor-element-26c821c e-con-full e-flex e-con e-child\" data-id=\"26c821c\" data-element_type=\"container\">\n\t\t<div class=\"elementor-element elementor-element-20cb6c7f e-con-full e-flex e-con e-child\" data-id=\"20cb6c7f\" data-element_type=\"container\">\n\t\t\t\t<\/div>\n\t\t\t\t<\/div>\n\t\t\t\t<\/div>\n\t\t\t\t\t<\/div>\n\t\t\t\t<\/div>\n\t\t<div class=\"elementor-element elementor-element-303f528 e-flex e-con-boxed e-con e-parent\" data-id=\"303f528\" data-element_type=\"container\">\n\t\t\t\t\t<div class=\"e-con-inner\">\n\t\t<div class=\"elementor-element elementor-element-f9c2bbe e-con-full e-flex e-con e-child\" data-id=\"f9c2bbe\" data-element_type=\"container\">\n\t\t\t\t<div class=\"elementor-element elementor-element-5cbd3f2 elementor-widget elementor-widget-heading\" data-id=\"5cbd3f2\" data-element_type=\"widget\" data-widget_type=\"heading.default\">\n\t\t\t\t<div class=\"elementor-widget-container\">\n\t\t\t\t\t<div class=\"elementor-heading-title elementor-size-default\">\nWir haben Ihr Formular erhalten. Wir werden Sie bald kontaktieren. <\/div>\t\t\t\t<\/div>\n\t\t\t\t<\/div>\n\t\t\t\t<div class=\"elementor-element elementor-element-a10d260 elementor-invisible elementor-widget elementor-widget-google_maps\" data-id=\"a10d260\" data-element_type=\"widget\" data-settings=\"{&quot;_animation&quot;:&quot;fadeInUp&quot;}\" data-widget_type=\"google_maps.default\">\n\t\t\t\t<div class=\"elementor-widget-container\">\n\t\t\t\t\t\t\t<div class=\"elementor-custom-embed\">\n\t\t\t<iframe loading=\"lazy\"\n\t\t\t\t\tsrc=\"https:\/\/maps.google.com\/maps?q=Hotel%20Cvita%2C%20Split&#038;t=m&#038;z=14&#038;output=embed&#038;iwloc=near\"\n\t\t\t\t\ttitle=\"Hotel Cvita, Split\"\n\t\t\t\t\taria-label=\"Hotel Cvita, Split\"\n\t\t\t><\/iframe>\n\t\t<\/div>\n\t\t\t\t\t\t<\/div>\n\t\t\t\t<\/div>\n\t\t\t\t<\/div>\n\t\t\t\t\t<\/div>\n\t\t\t\t<\/div>\n\t\t\t\t<\/div>\n\t\t","protected":false},"excerpt":{"rendered":"<p>Wir haben Ihr Formular erhalten. Wir werden Sie bald kontaktieren.<\/p>\n","protected":false},"author":1,"featured_media":0,"parent":0,"menu_order":2,"comment_status":"closed","ping_status":"closed","template":"elementor_header_footer","meta":{"_joinchat":[],"footnotes":""},"class_list":["post-8494","page","type-page","status-publish","hentry"],"yoast_head":"<!-- This site is optimized with the Yoast SEO plugin v26.2 - https:\/\/yoast.com\/wordpress\/plugins\/seo\/ -->\n<title>Vielen Dank! - Hotel Cvita Split Kroatien<\/title>\n<meta name=\"robots\" content=\"index, follow, max-snippet:-1, max-image-preview:large, max-video-preview:-1\" \/>\n<link rel=\"canonical\" href=\"https:\/\/hotelcvita.com\/de\/vielen-dank\/\" \/>\n<meta property=\"og:locale\" content=\"de_DE\" \/>\n<meta property=\"og:type\" content=\"article\" \/>\n<meta property=\"og:title\" content=\"Vielen Dank! - Hotel Cvita Split Kroatien\" \/>\n<meta property=\"og:description\" content=\"Wir haben Ihr Formular erhalten. Wir werden Sie bald kontaktieren.\" \/>\n<meta property=\"og:url\" content=\"https:\/\/hotelcvita.com\/de\/vielen-dank\/\" \/>\n<meta property=\"og:site_name\" content=\"Hotel Cvita Split Kroatien\" \/>\n<meta property=\"article:modified_time\" content=\"2025-02-22T19:51:31+00:00\" \/>\n<meta name=\"twitter:card\" content=\"summary_large_image\" \/>\n<script type=\"application\/ld+json\" class=\"yoast-schema-graph\">{\"@context\":\"https:\/\/schema.org\",\"@graph\":[{\"@type\":\"WebPage\",\"@id\":\"https:\/\/hotelcvita.com\/de\/vielen-dank\/\",\"url\":\"https:\/\/hotelcvita.com\/de\/vielen-dank\/\",\"name\":\"Vielen Dank! - Hotel Cvita Split Kroatien\",\"isPartOf\":{\"@id\":\"https:\/\/hotelcvita.com\/de\/#website\"},\"datePublished\":\"2020-04-08T12:20:56+00:00\",\"dateModified\":\"2025-02-22T19:51:31+00:00\",\"breadcrumb\":{\"@id\":\"https:\/\/hotelcvita.com\/de\/vielen-dank\/#breadcrumb\"},\"inLanguage\":\"de\",\"potentialAction\":[{\"@type\":\"ReadAction\",\"target\":[\"https:\/\/hotelcvita.com\/de\/vielen-dank\/\"]}]},{\"@type\":\"BreadcrumbList\",\"@id\":\"https:\/\/hotelcvita.com\/de\/vielen-dank\/#breadcrumb\",\"itemListElement\":[{\"@type\":\"ListItem\",\"position\":1,\"name\":\"Home\",\"item\":\"https:\/\/hotelcvita.com\/de\/\"},{\"@type\":\"ListItem\",\"position\":2,\"name\":\"Vielen Dank!\"}]},{\"@type\":\"WebSite\",\"@id\":\"https:\/\/hotelcvita.com\/de\/#website\",\"url\":\"https:\/\/hotelcvita.com\/de\/\",\"name\":\"Hotel Cvita Split Kroatien\",\"description\":\"\u00dcbernachten Sie im Hotel Cvita, einem luxuri\u00f6sen Zufluchtsort im Marjan Park mit atemberaubendem Blick auf die Adria, nur wenige Minuten vom UNESCO-gesch\u00fctzten Stadtzentrum von Split entfernt.\",\"publisher\":{\"@id\":\"https:\/\/hotelcvita.com\/de\/#organization\"},\"potentialAction\":[{\"@type\":\"SearchAction\",\"target\":{\"@type\":\"EntryPoint\",\"urlTemplate\":\"https:\/\/hotelcvita.com\/de\/?s={search_term_string}\"},\"query-input\":{\"@type\":\"PropertyValueSpecification\",\"valueRequired\":true,\"valueName\":\"search_term_string\"}}],\"inLanguage\":\"de\"},{\"@type\":\"Organization\",\"@id\":\"https:\/\/hotelcvita.com\/de\/#organization\",\"name\":\"Hotel Cvita Split Kroatien\",\"url\":\"https:\/\/hotelcvita.com\/de\/\",\"logo\":{\"@type\":\"ImageObject\",\"inLanguage\":\"de\",\"@id\":\"https:\/\/hotelcvita.com\/de\/#\/schema\/logo\/image\/\",\"url\":\"https:\/\/hotelcvita.com\/wp-content\/uploads\/2024\/10\/hotel-cvita-split-logo.png\",\"contentUrl\":\"https:\/\/hotelcvita.com\/wp-content\/uploads\/2024\/10\/hotel-cvita-split-logo.png\",\"width\":360,\"height\":360,\"caption\":\"Hotel Cvita Split Kroatien\"},\"image\":{\"@id\":\"https:\/\/hotelcvita.com\/de\/#\/schema\/logo\/image\/\"}}]}<\/script>\n<!-- \/ Yoast SEO plugin. -->","yoast_head_json":{"title":"Vielen Dank! - Hotel Cvita Split Kroatien","robots":{"index":"index","follow":"follow","max-snippet":"max-snippet:-1","max-image-preview":"max-image-preview:large","max-video-preview":"max-video-preview:-1"},"canonical":"https:\/\/hotelcvita.com\/de\/vielen-dank\/","og_locale":"de_DE","og_type":"article","og_title":"Vielen Dank! - Hotel Cvita Split Kroatien","og_description":"Wir haben Ihr Formular erhalten. Wir werden Sie bald kontaktieren.","og_url":"https:\/\/hotelcvita.com\/de\/vielen-dank\/","og_site_name":"Hotel Cvita Split Kroatien","article_modified_time":"2025-02-22T19:51:31+00:00","twitter_card":"summary_large_image","schema":{"@context":"https:\/\/schema.org","@graph":[{"@type":"WebPage","@id":"https:\/\/hotelcvita.com\/de\/vielen-dank\/","url":"https:\/\/hotelcvita.com\/de\/vielen-dank\/","name":"Vielen Dank! - Hotel Cvita Split Kroatien","isPartOf":{"@id":"https:\/\/hotelcvita.com\/de\/#website"},"datePublished":"2020-04-08T12:20:56+00:00","dateModified":"2025-02-22T19:51:31+00:00","breadcrumb":{"@id":"https:\/\/hotelcvita.com\/de\/vielen-dank\/#breadcrumb"},"inLanguage":"de","potentialAction":[{"@type":"ReadAction","target":["https:\/\/hotelcvita.com\/de\/vielen-dank\/"]}]},{"@type":"BreadcrumbList","@id":"https:\/\/hotelcvita.com\/de\/vielen-dank\/#breadcrumb","itemListElement":[{"@type":"ListItem","position":1,"name":"Home","item":"https:\/\/hotelcvita.com\/de\/"},{"@type":"ListItem","position":2,"name":"Vielen Dank!"}]},{"@type":"WebSite","@id":"https:\/\/hotelcvita.com\/de\/#website","url":"https:\/\/hotelcvita.com\/de\/","name":"Hotel Cvita Split Kroatien","description":"\u00dcbernachten Sie im Hotel Cvita, einem luxuri\u00f6sen Zufluchtsort im Marjan Park mit atemberaubendem Blick auf die Adria, nur wenige Minuten vom UNESCO-gesch\u00fctzten Stadtzentrum von Split entfernt.","publisher":{"@id":"https:\/\/hotelcvita.com\/de\/#organization"},"potentialAction":[{"@type":"SearchAction","target":{"@type":"EntryPoint","urlTemplate":"https:\/\/hotelcvita.com\/de\/?s={search_term_string}"},"query-input":{"@type":"PropertyValueSpecification","valueRequired":true,"valueName":"search_term_string"}}],"inLanguage":"de"},{"@type":"Organization","@id":"https:\/\/hotelcvita.com\/de\/#organization","name":"Hotel Cvita Split Kroatien","url":"https:\/\/hotelcvita.com\/de\/","logo":{"@type":"ImageObject","inLanguage":"de","@id":"https:\/\/hotelcvita.com\/de\/#\/schema\/logo\/image\/","url":"https:\/\/hotelcvita.com\/wp-content\/uploads\/2024\/10\/hotel-cvita-split-logo.png","contentUrl":"https:\/\/hotelcvita.com\/wp-content\/uploads\/2024\/10\/hotel-cvita-split-logo.png","width":360,"height":360,"caption":"Hotel Cvita Split Kroatien"},"image":{"@id":"https:\/\/hotelcvita.com\/de\/#\/schema\/logo\/image\/"}}]}},"_links":{"self":[{"href":"https:\/\/hotelcvita.com\/de\/wp-json\/wp\/v2\/pages\/8494","targetHints":{"allow":["GET"]}}],"collection":[{"href":"https:\/\/hotelcvita.com\/de\/wp-json\/wp\/v2\/pages"}],"about":[{"href":"https:\/\/hotelcvita.com\/de\/wp-json\/wp\/v2\/types\/page"}],"author":[{"embeddable":true,"href":"https:\/\/hotelcvita.com\/de\/wp-json\/wp\/v2\/users\/1"}],"replies":[{"embeddable":true,"href":"https:\/\/hotelcvita.com\/de\/wp-json\/wp\/v2\/comments?post=8494"}],"version-history":[{"count":1,"href":"https:\/\/hotelcvita.com\/de\/wp-json\/wp\/v2\/pages\/8494\/revisions"}],"predecessor-version":[{"id":8495,"href":"https:\/\/hotelcvita.com\/de\/wp-json\/wp\/v2\/pages\/8494\/revisions\/8495"}],"wp:attachment":[{"href":"https:\/\/hotelcvita.com\/de\/wp-json\/wp\/v2\/media?parent=8494"}],"curies":[{"name":"wp","href":"https:\/\/api.w.org\/{rel}","templated":true}]}}