{"id":8499,"date":"2020-01-20T07:01:57","date_gmt":"2020-01-20T07:01:57","guid":{"rendered":"https:\/\/hotelcvita.com\/kontakt\/"},"modified":"2025-02-22T21:20:08","modified_gmt":"2025-02-22T21:20:08","slug":"kontakt","status":"publish","type":"page","link":"https:\/\/hotelcvita.com\/de\/kontakt\/","title":{"rendered":"Kontakt"},"content":{"rendered":"\t\t<div data-elementor-type=\"wp-page\" data-elementor-id=\"8499\" class=\"elementor elementor-8499 elementor-5568\" data-elementor-post-type=\"page\">\n\t\t\t\t<div class=\"elementor-element elementor-element-1f77a6bf e-flex e-con-boxed e-con e-parent\" data-id=\"1f77a6bf\" data-element_type=\"container\" data-settings=\"{&quot;background_background&quot;:&quot;classic&quot;,&quot;background_motion_fx_motion_fx_scrolling&quot;:&quot;yes&quot;,&quot;background_motion_fx_translateY_effect&quot;:&quot;yes&quot;,&quot;background_motion_fx_translateY_speed&quot;:{&quot;unit&quot;:&quot;px&quot;,&quot;size&quot;:4,&quot;sizes&quot;:[]},&quot;background_motion_fx_translateY_affectedRange&quot;:{&quot;unit&quot;:&quot;%&quot;,&quot;size&quot;:&quot;&quot;,&quot;sizes&quot;:{&quot;start&quot;:0,&quot;end&quot;:100}},&quot;background_motion_fx_devices&quot;:[&quot;desktop&quot;,&quot;tablet&quot;,&quot;mobile&quot;]}\">\n\t\t\t\t\t<div class=\"e-con-inner\">\n\t\t<div class=\"elementor-element elementor-element-1086317e e-con-full e-flex e-con e-child\" data-id=\"1086317e\" data-element_type=\"container\">\n\t\t<div class=\"elementor-element elementor-element-506a41f6 e-con-full e-flex e-con e-child\" data-id=\"506a41f6\" data-element_type=\"container\">\n\t\t<div class=\"elementor-element elementor-element-55087314 e-con-full e-flex e-con e-child\" data-id=\"55087314\" data-element_type=\"container\">\n\t\t\t\t<\/div>\n\t\t\t\t<\/div>\n\t\t\t\t<\/div>\n\t\t\t\t\t<\/div>\n\t\t\t\t<\/div>\n\t\t<div class=\"elementor-element elementor-element-48ae0a1 e-flex e-con-boxed e-con e-parent\" data-id=\"48ae0a1\" data-element_type=\"container\">\n\t\t\t\t\t<div class=\"e-con-inner\">\n\t\t<div class=\"elementor-element elementor-element-9494783 e-con-full e-flex e-con e-child\" data-id=\"9494783\" data-element_type=\"container\">\n\t\t\t\t<div class=\"elementor-element elementor-element-dc2ba80 elementor-invisible elementor-widget elementor-widget-heading\" data-id=\"dc2ba80\" data-element_type=\"widget\" data-settings=\"{&quot;_animation&quot;:&quot;fadeInUp&quot;}\" data-widget_type=\"heading.default\">\n\t\t\t\t<div class=\"elementor-widget-container\">\n\t\t\t\t\t<h2 class=\"elementor-heading-title elementor-size-default\">Standort &amp; Kontakt<\/h2>\t\t\t\t<\/div>\n\t\t\t\t<\/div>\n\t\t\t\t<div class=\"elementor-element elementor-element-9b31bba elementor-widget elementor-widget-heading\" data-id=\"9b31bba\" data-element_type=\"widget\" data-widget_type=\"heading.default\">\n\t\t\t\t<div class=\"elementor-widget-container\">\n\t\t\t\t\t<div class=\"elementor-heading-title elementor-size-default\">Das Hotel Cvita liegt an den s\u00fcdlichen H\u00e4ngen des Marjan-H\u00fcgels, umgeben von einem dichten Pinienwald, und bietet einen atemberaubenden Blick nach S\u00fcden auf das offene Meer. Es ist das einzige Hotel innerhalb der Grenzen des Marjan Forest Park, was es zu einer ganz besonderen Oase macht. \n\nDie einzigartige Lage des Hotels in Split erm\u00f6glicht es Ihnen, das Beste aus beiden Welten zu genie\u00dfen:\n\nziehen Sie sich zur\u00fcck und erholen Sie sich in einer ruhigen Umgebung\nmachen Sie einen kurzen Spaziergang bergab und erkunden Sie das UNESCO-Weltkulturerbe aus dem 4. Jahrhundert - den antiken r\u00f6mischen Diokletianspalast<\/div>\t\t\t\t<\/div>\n\t\t\t\t<\/div>\n\t\t<div class=\"elementor-element elementor-element-93d9bfa e-con-full e-flex e-con e-child\" data-id=\"93d9bfa\" data-element_type=\"container\">\n\t\t<div class=\"elementor-element elementor-element-3be0606 e-con-full e-flex e-con e-child\" data-id=\"3be0606\" data-element_type=\"container\">\n\t\t\t\t<div class=\"elementor-element elementor-element-3b405f2 elementor-widget elementor-widget-heading\" data-id=\"3b405f2\" data-element_type=\"widget\" data-widget_type=\"heading.default\">\n\t\t\t\t<div class=\"elementor-widget-container\">\n\t\t\t\t\t<h4 class=\"elementor-heading-title elementor-size-default\">B\u00fcro<\/h4>\t\t\t\t<\/div>\n\t\t\t\t<\/div>\n\t\t\t\t<div class=\"elementor-element elementor-element-d9d507b elementor-widget elementor-widget-heading\" data-id=\"d9d507b\" data-element_type=\"widget\" data-widget_type=\"heading.default\">\n\t\t\t\t<div class=\"elementor-widget-container\">\n\t\t\t\t\t<div class=\"elementor-heading-title elementor-size-default\">Antuna Mihanovi\u0107a 42F\nHR-21000, Split<\/div>\t\t\t\t<\/div>\n\t\t\t\t<\/div>\n\t\t\t\t<div class=\"elementor-element elementor-element-59059f7 elementor-widget elementor-widget-heading\" data-id=\"59059f7\" data-element_type=\"widget\" data-widget_type=\"heading.default\">\n\t\t\t\t<div class=\"elementor-widget-container\">\n\t\t\t\t\t<div class=\"elementor-heading-title elementor-size-default\"><a href=\"mailto:info@hotelcvita.com%20%20\">info@hotelcvita.com  <\/a><\/div>\t\t\t\t<\/div>\n\t\t\t\t<\/div>\n\t\t\t\t<div class=\"elementor-element elementor-element-4f1acb9 elementor-widget elementor-widget-heading\" data-id=\"4f1acb9\" data-element_type=\"widget\" data-widget_type=\"heading.default\">\n\t\t\t\t<div class=\"elementor-widget-container\">\n\t\t\t\t\t<div class=\"elementor-heading-title elementor-size-default\"><a href=\"tel:+385%2099%2044%20899%2010\">+385 99 44 899 10<\/a><\/div>\t\t\t\t<\/div>\n\t\t\t\t<\/div>\n\t\t\t\t<\/div>\n\t\t<div class=\"elementor-element elementor-element-2aed025 e-con-full e-flex e-con e-child\" data-id=\"2aed025\" data-element_type=\"container\">\n\t\t\t\t<div class=\"elementor-element elementor-element-c33f87a elementor-widget elementor-widget-heading\" data-id=\"c33f87a\" data-element_type=\"widget\" data-widget_type=\"heading.default\">\n\t\t\t\t<div class=\"elementor-widget-container\">\n\t\t\t\t\t<h4 class=\"elementor-heading-title elementor-size-default\">GPS-Koordinaten<\/h4>\t\t\t\t<\/div>\n\t\t\t\t<\/div>\n\t\t\t\t<div class=\"elementor-element elementor-element-000c52a elementor-widget elementor-widget-heading\" data-id=\"000c52a\" data-element_type=\"widget\" data-widget_type=\"heading.default\">\n\t\t\t\t<div class=\"elementor-widget-container\">\n\t\t\t\t\t<div class=\"elementor-heading-title elementor-size-default\">43\u00b030'23.1\u2033N <\/br>\n16\u00b025'07.5\u2033E<\/div>\t\t\t\t<\/div>\n\t\t\t\t<\/div>\n\t\t\t\t<\/div>\n\t\t\t\t<\/div>\n\t\t\t\t<div class=\"elementor-element elementor-element-58a4246 elementor-invisible elementor-widget elementor-widget-google_maps\" data-id=\"58a4246\" data-element_type=\"widget\" data-settings=\"{&quot;_animation&quot;:&quot;fadeInUp&quot;}\" data-widget_type=\"google_maps.default\">\n\t\t\t\t<div class=\"elementor-widget-container\">\n\t\t\t\t\t\t\t<div class=\"elementor-custom-embed\">\n\t\t\t<iframe loading=\"lazy\"\n\t\t\t\t\tsrc=\"https:\/\/maps.google.com\/maps?q=Hotel%20Svita%2C%20Split&#038;t=m&#038;z=14&#038;output=embed&#038;iwloc=near\"\n\t\t\t\t\ttitle=\"Hotel Svita, Split\"\n\t\t\t\t\taria-label=\"Hotel Svita, Split\"\n\t\t\t><\/iframe>\n\t\t<\/div>\n\t\t\t\t\t\t<\/div>\n\t\t\t\t<\/div>\n\t\t<div class=\"elementor-element elementor-element-8f35ed6 e-con-full e-flex e-con e-child\" data-id=\"8f35ed6\" data-element_type=\"container\">\n\t\t<div class=\"elementor-element elementor-element-6a172e6 e-con-full e-flex e-con e-child\" data-id=\"6a172e6\" data-element_type=\"container\">\n\t\t\t\t<div class=\"elementor-element elementor-element-111151e elementor-widget elementor-widget-heading\" data-id=\"111151e\" data-element_type=\"widget\" data-widget_type=\"heading.default\">\n\t\t\t\t<div class=\"elementor-widget-container\">\n\t\t\t\t\t<h4 class=\"elementor-heading-title elementor-size-default\">Anreise zum Hotel Cvita<\/h4>\t\t\t\t<\/div>\n\t\t\t\t<\/div>\n\t\t\t\t<div class=\"elementor-element elementor-element-14281ec elementor-widget elementor-widget-text-editor\" data-id=\"14281ec\" data-element_type=\"widget\" data-widget_type=\"text-editor.default\">\n\t\t\t\t<div class=\"elementor-widget-container\">\n\t\t\t\t\t\t\t\t\t<p>Es gibt verschiedene M\u00f6glichkeiten, um zu unserem Hotel zu gelangen. Am einfachsten ist die Anreise mit dem Auto.<br \/>Die N\u00e4he des F\u00e4hrhafens und des Busbahnhofs gibt Ihnen die M\u00f6glichkeit, das Hotel schnell zu erreichen. <\/p>\n<p>Wenn Sie am Flughafen Split ankommen, haben Sie eine kurze Fahrt vom Hafen in die Stadt. Nur eine halbe Stunde Fahrt und Sie sind im Komfort Ihres reservierten Zimmers. <\/p>\n<p>Wir bieten auch verschiedene Arten von Privattransfers mit professionellen Fahrern in die Gegend, die Sie besuchen m\u00f6chten.<\/p>\n\t\t\t\t\t\t\t\t<\/div>\n\t\t\t\t<\/div>\n\t\t\t\t<\/div>\n\t\t\t\t<\/div>\n\t\t\t\t<\/div>\n\t\t<div class=\"elementor-element elementor-element-59600fc e-con-full e-flex elementor-invisible e-con e-child\" data-id=\"59600fc\" data-element_type=\"container\" data-settings=\"{&quot;background_background&quot;:&quot;classic&quot;,&quot;animation&quot;:&quot;fadeInUp&quot;}\">\n\t\t\t\t<div class=\"elementor-element elementor-element-c9b9fbb elementor-widget elementor-widget-image\" data-id=\"c9b9fbb\" data-element_type=\"widget\" data-widget_type=\"image.default\">\n\t\t\t\t<div class=\"elementor-widget-container\">\n\t\t\t\t\t\t\t\t\t\t\t\t\t\t\t<img fetchpriority=\"high\" decoding=\"async\" width=\"800\" height=\"519\" src=\"https:\/\/hotelcvita.com\/wp-content\/uploads\/2025\/02\/contact-1024x664.jpg\" class=\"attachment-large size-large wp-image-8289\" alt=\"\" srcset=\"https:\/\/hotelcvita.com\/wp-content\/uploads\/2025\/02\/contact-1024x664.jpg 1024w, https:\/\/hotelcvita.com\/wp-content\/uploads\/2025\/02\/contact-300x194.jpg 300w, https:\/\/hotelcvita.com\/wp-content\/uploads\/2025\/02\/contact-768x498.jpg 768w, https:\/\/hotelcvita.com\/wp-content\/uploads\/2025\/02\/contact.jpg 1080w\" sizes=\"(max-width: 800px) 100vw, 800px\" \/>\t\t\t\t\t\t\t\t\t\t\t\t\t\t\t<\/div>\n\t\t\t\t<\/div>\n\t\t\t\t<div class=\"elementor-element elementor-element-9b7fab3 elementor-widget elementor-widget-heading\" data-id=\"9b7fab3\" data-element_type=\"widget\" data-widget_type=\"heading.default\">\n\t\t\t\t<div class=\"elementor-widget-container\">\n\t\t\t\t\t<h4 class=\"elementor-heading-title elementor-size-default\">Haben Sie irgendwelche Fragen an uns?<\/h4>\t\t\t\t<\/div>\n\t\t\t\t<\/div>\n\t\t\t\t<div class=\"elementor-element elementor-element-a223f6f elementor-button-align-stretch elementor-widget elementor-widget-form\" data-id=\"a223f6f\" data-element_type=\"widget\" data-settings=\"{&quot;step_next_label&quot;:&quot;N\\u00e4chste&quot;,&quot;step_previous_label&quot;:&quot;Vorherige&quot;,&quot;button_width&quot;:&quot;100&quot;,&quot;step_type&quot;:&quot;number_text&quot;,&quot;step_icon_shape&quot;:&quot;circle&quot;}\" data-widget_type=\"form.default\">\n\t\t\t\t<div class=\"elementor-widget-container\">\n\t\t\t\t\t\t\t<form class=\"elementor-form\" method=\"post\" name=\"Kontakt-Formular\" aria-label=\"Kontakt-Formular\">\n\t\t\t<input type=\"hidden\" name=\"post_id\" value=\"8499\"\/>\n\t\t\t<input type=\"hidden\" name=\"form_id\" value=\"a223f6f\"\/>\n\t\t\t<input type=\"hidden\" name=\"referer_title\" value=\"Hotel Cvita Split Kroatien\" \/>\n\n\t\t\t\n\t\t\t<div class=\"elementor-form-fields-wrapper elementor-labels-\">\n\t\t\t\t\t\t\t\t<div class=\"elementor-field-type-text elementor-field-group elementor-column elementor-field-group-name elementor-col-100\">\n\t\t\t\t\t\t\t\t\t\t\t\t<label for=\"form-field-name\" class=\"elementor-field-label elementor-screen-only\">\n\t\t\t\t\t\t\t\tName\t\t\t\t\t\t\t<\/label>\n\t\t\t\t\t\t\t\t\t\t\t\t\t\t<input size=\"1\" type=\"text\" name=\"form_fields[name]\" id=\"form-field-name\" class=\"elementor-field elementor-size-sm  elementor-field-textual\" placeholder=\"Vollst\u00e4ndiger Name\">\n\t\t\t\t\t\t\t\t\t\t\t<\/div>\n\t\t\t\t\t\t\t\t<div class=\"elementor-field-type-email elementor-field-group elementor-column elementor-field-group-email elementor-col-100 elementor-field-required\">\n\t\t\t\t\t\t\t\t\t\t\t\t<label for=\"form-field-email\" class=\"elementor-field-label elementor-screen-only\">\n\t\t\t\t\t\t\t\tE-Mail\t\t\t\t\t\t\t<\/label>\n\t\t\t\t\t\t\t\t\t\t\t\t\t\t<input size=\"1\" type=\"email\" name=\"form_fields[email]\" id=\"form-field-email\" class=\"elementor-field elementor-size-sm  elementor-field-textual\" placeholder=\"E-Mail Adresse\" required=\"required\">\n\t\t\t\t\t\t\t\t\t\t\t<\/div>\n\t\t\t\t\t\t\t\t<div class=\"elementor-field-type-textarea elementor-field-group elementor-column elementor-field-group-message elementor-col-100\">\n\t\t\t\t\t\t\t\t\t\t\t\t<label for=\"form-field-message\" class=\"elementor-field-label elementor-screen-only\">\n\t\t\t\t\t\t\t\tNachricht\t\t\t\t\t\t\t<\/label>\n\t\t\t\t\t\t<textarea class=\"elementor-field-textual elementor-field  elementor-size-sm\" name=\"form_fields[message]\" id=\"form-field-message\" rows=\"4\" placeholder=\"Nachricht\"><\/textarea>\t\t\t\t<\/div>\n\t\t\t\t\t\t\t\t<div class=\"elementor-field-type-recaptcha_v3 elementor-field-group elementor-column elementor-field-group-field_68ea7c7 elementor-col-100 recaptcha_v3-bottomright\">\n\t\t\t\t\t<div class=\"elementor-field\" id=\"form-field-field_68ea7c7\"><div class=\"elementor-g-recaptcha\" data-sitekey=\"6Ld6NN8qAAAAAHnoz6cIYHBcjFbMljhkAoVFMmKo\" data-type=\"v3\" data-action=\"Form\" data-badge=\"bottomright\" data-size=\"invisible\"><\/div><\/div>\t\t\t\t<\/div>\n\t\t\t\t\t\t\t\t<div class=\"elementor-field-group elementor-column elementor-field-type-submit elementor-col-100 e-form__buttons\">\n\t\t\t\t\t<button class=\"elementor-button elementor-size-sm elementor-animation-bob\" type=\"submit\">\n\t\t\t\t\t\t<span class=\"elementor-button-content-wrapper\">\n\t\t\t\t\t\t\t\t\t\t\t\t\t\t\t<span class=\"elementor-button-icon\">\n\t\t\t\t\t\t\t\t\t<svg aria-hidden=\"true\" class=\"e-font-icon-svg e-fas-envelope\" viewBox=\"0 0 512 512\" xmlns=\"http:\/\/www.w3.org\/2000\/svg\"><path d=\"M502.3 190.8c3.9-3.1 9.7-.2 9.7 4.7V400c0 26.5-21.5 48-48 48H48c-26.5 0-48-21.5-48-48V195.6c0-5 5.7-7.8 9.7-4.7 22.4 17.4 52.1 39.5 154.1 113.6 21.1 15.4 56.7 47.8 92.2 47.6 35.7.3 72-32.8 92.3-47.6 102-74.1 131.6-96.3 154-113.7zM256 320c23.2.4 56.6-29.2 73.4-41.4 132.7-96.3 142.8-104.7 173.4-128.7 5.8-4.5 9.2-11.5 9.2-18.9v-19c0-26.5-21.5-48-48-48H48C21.5 64 0 85.5 0 112v19c0 7.4 3.4 14.3 9.2 18.9 30.6 23.9 40.7 32.4 173.4 128.7 16.8 12.2 50.2 41.8 73.4 41.4z\"><\/path><\/svg>\t\t\t\t\t\t\t\t\t\t\t\t\t\t\t\t\t<\/span>\n\t\t\t\t\t\t\t\t\t\t\t\t\t\t\t\t\t\t\t\t\t\t<span class=\"elementor-button-text\">Nachricht senden<\/span>\n\t\t\t\t\t\t\t\t\t\t\t\t\t<\/span>\n\t\t\t\t\t<\/button>\n\t\t\t\t<\/div>\n\t\t\t<\/div>\n\t\t<\/form>\n\t\t\t\t\t\t<\/div>\n\t\t\t\t<\/div>\n\t\t\t\t<\/div>\n\t\t\t\t\t<\/div>\n\t\t\t\t<\/div>\n\t\t\t\t<\/div>\n\t\t","protected":false},"excerpt":{"rendered":"<p>Standort &amp; Kontakt Das Hotel Cvita liegt an den s\u00fcdlichen H\u00e4ngen des Marjan-H\u00fcgels, umgeben von einem dichten Pinienwald, und bietet einen atemberaubenden Blick nach S\u00fcden auf das offene Meer. Es ist das einzige Hotel innerhalb der Grenzen des Marjan Forest Park, was es zu einer ganz besonderen Oase macht. Die einzigartige Lage des Hotels in [&hellip;]<\/p>\n","protected":false},"author":1,"featured_media":0,"parent":0,"menu_order":5,"comment_status":"closed","ping_status":"closed","template":"elementor_header_footer","meta":{"_joinchat":[],"footnotes":""},"class_list":["post-8499","page","type-page","status-publish","hentry"],"yoast_head":"<!-- This site is optimized with the Yoast SEO plugin v26.2 - https:\/\/yoast.com\/wordpress\/plugins\/seo\/ -->\n<title>Kontakt - Hotel Cvita Split Kroatien<\/title>\n<meta name=\"description\" content=\"Kontaktieren Sie das Hotel Cvita unter +385 21 549 731, +385 99 44 899 10, info@hotelcvita.com, Antuna Mihanovi\u0107a 42F, 21000-HR, Split, Kroatien\" \/>\n<meta name=\"robots\" content=\"index, follow, max-snippet:-1, max-image-preview:large, max-video-preview:-1\" \/>\n<link rel=\"canonical\" href=\"https:\/\/hotelcvita.com\/de\/kontakt\/\" \/>\n<meta property=\"og:locale\" content=\"de_DE\" \/>\n<meta property=\"og:type\" content=\"article\" \/>\n<meta property=\"og:title\" content=\"Kontakt - Hotel Cvita Split Kroatien\" \/>\n<meta property=\"og:description\" content=\"Kontaktieren Sie das Hotel Cvita unter +385 21 549 731, +385 99 44 899 10, info@hotelcvita.com, Antuna Mihanovi\u0107a 42F, 21000-HR, Split, Kroatien\" \/>\n<meta property=\"og:url\" content=\"https:\/\/hotelcvita.com\/de\/kontakt\/\" \/>\n<meta property=\"og:site_name\" content=\"Hotel Cvita Split Kroatien\" \/>\n<meta property=\"article:modified_time\" content=\"2025-02-22T21:20:08+00:00\" \/>\n<meta property=\"og:image\" content=\"https:\/\/hotelcvita.com\/wp-content\/uploads\/2025\/02\/contact.jpg\" \/>\n\t<meta property=\"og:image:width\" content=\"1080\" \/>\n\t<meta property=\"og:image:height\" content=\"700\" \/>\n\t<meta property=\"og:image:type\" content=\"image\/jpeg\" \/>\n<meta name=\"twitter:card\" content=\"summary_large_image\" \/>\n<meta name=\"twitter:label1\" content=\"Gesch\u00e4tzte Lesezeit\" \/>\n\t<meta name=\"twitter:data1\" content=\"1\u00a0Minute\" \/>\n<script type=\"application\/ld+json\" class=\"yoast-schema-graph\">{\"@context\":\"https:\/\/schema.org\",\"@graph\":[{\"@type\":\"WebPage\",\"@id\":\"https:\/\/hotelcvita.com\/de\/kontakt\/\",\"url\":\"https:\/\/hotelcvita.com\/de\/kontakt\/\",\"name\":\"Kontakt - Hotel Cvita Split Kroatien\",\"isPartOf\":{\"@id\":\"https:\/\/hotelcvita.com\/de\/#website\"},\"primaryImageOfPage\":{\"@id\":\"https:\/\/hotelcvita.com\/de\/kontakt\/#primaryimage\"},\"image\":{\"@id\":\"https:\/\/hotelcvita.com\/de\/kontakt\/#primaryimage\"},\"thumbnailUrl\":\"https:\/\/hotelcvita.com\/wp-content\/uploads\/2025\/02\/contact-1024x664.jpg\",\"datePublished\":\"2020-01-20T07:01:57+00:00\",\"dateModified\":\"2025-02-22T21:20:08+00:00\",\"description\":\"Kontaktieren Sie das Hotel Cvita unter +385 21 549 731, +385 99 44 899 10, info@hotelcvita.com, Antuna Mihanovi\u0107a 42F, 21000-HR, Split, Kroatien\",\"breadcrumb\":{\"@id\":\"https:\/\/hotelcvita.com\/de\/kontakt\/#breadcrumb\"},\"inLanguage\":\"de\",\"potentialAction\":[{\"@type\":\"ReadAction\",\"target\":[\"https:\/\/hotelcvita.com\/de\/kontakt\/\"]}]},{\"@type\":\"ImageObject\",\"inLanguage\":\"de\",\"@id\":\"https:\/\/hotelcvita.com\/de\/kontakt\/#primaryimage\",\"url\":\"https:\/\/hotelcvita.com\/wp-content\/uploads\/2025\/02\/contact-1024x664.jpg\",\"contentUrl\":\"https:\/\/hotelcvita.com\/wp-content\/uploads\/2025\/02\/contact-1024x664.jpg\"},{\"@type\":\"BreadcrumbList\",\"@id\":\"https:\/\/hotelcvita.com\/de\/kontakt\/#breadcrumb\",\"itemListElement\":[{\"@type\":\"ListItem\",\"position\":1,\"name\":\"Home\",\"item\":\"https:\/\/hotelcvita.com\/de\/\"},{\"@type\":\"ListItem\",\"position\":2,\"name\":\"Kontakt\"}]},{\"@type\":\"WebSite\",\"@id\":\"https:\/\/hotelcvita.com\/de\/#website\",\"url\":\"https:\/\/hotelcvita.com\/de\/\",\"name\":\"Hotel Cvita Split Kroatien\",\"description\":\"\u00dcbernachten Sie im Hotel Cvita, einem luxuri\u00f6sen Zufluchtsort im Marjan Park mit atemberaubendem Blick auf die Adria, nur wenige Minuten vom UNESCO-gesch\u00fctzten Stadtzentrum von Split entfernt.\",\"publisher\":{\"@id\":\"https:\/\/hotelcvita.com\/de\/#organization\"},\"potentialAction\":[{\"@type\":\"SearchAction\",\"target\":{\"@type\":\"EntryPoint\",\"urlTemplate\":\"https:\/\/hotelcvita.com\/de\/?s={search_term_string}\"},\"query-input\":{\"@type\":\"PropertyValueSpecification\",\"valueRequired\":true,\"valueName\":\"search_term_string\"}}],\"inLanguage\":\"de\"},{\"@type\":\"Organization\",\"@id\":\"https:\/\/hotelcvita.com\/de\/#organization\",\"name\":\"Hotel Cvita Split Kroatien\",\"url\":\"https:\/\/hotelcvita.com\/de\/\",\"logo\":{\"@type\":\"ImageObject\",\"inLanguage\":\"de\",\"@id\":\"https:\/\/hotelcvita.com\/de\/#\/schema\/logo\/image\/\",\"url\":\"https:\/\/hotelcvita.com\/wp-content\/uploads\/2024\/10\/hotel-cvita-split-logo.png\",\"contentUrl\":\"https:\/\/hotelcvita.com\/wp-content\/uploads\/2024\/10\/hotel-cvita-split-logo.png\",\"width\":360,\"height\":360,\"caption\":\"Hotel Cvita Split Kroatien\"},\"image\":{\"@id\":\"https:\/\/hotelcvita.com\/de\/#\/schema\/logo\/image\/\"}}]}<\/script>\n<!-- \/ Yoast SEO plugin. -->","yoast_head_json":{"title":"Kontakt - Hotel Cvita Split Kroatien","description":"Kontaktieren Sie das Hotel Cvita unter +385 21 549 731, +385 99 44 899 10, info@hotelcvita.com, Antuna Mihanovi\u0107a 42F, 21000-HR, Split, Kroatien","robots":{"index":"index","follow":"follow","max-snippet":"max-snippet:-1","max-image-preview":"max-image-preview:large","max-video-preview":"max-video-preview:-1"},"canonical":"https:\/\/hotelcvita.com\/de\/kontakt\/","og_locale":"de_DE","og_type":"article","og_title":"Kontakt - Hotel Cvita Split Kroatien","og_description":"Kontaktieren Sie das Hotel Cvita unter +385 21 549 731, +385 99 44 899 10, info@hotelcvita.com, Antuna Mihanovi\u0107a 42F, 21000-HR, Split, Kroatien","og_url":"https:\/\/hotelcvita.com\/de\/kontakt\/","og_site_name":"Hotel Cvita Split Kroatien","article_modified_time":"2025-02-22T21:20:08+00:00","og_image":[{"width":1080,"height":700,"url":"https:\/\/hotelcvita.com\/wp-content\/uploads\/2025\/02\/contact.jpg","type":"image\/jpeg"}],"twitter_card":"summary_large_image","twitter_misc":{"Gesch\u00e4tzte Lesezeit":"1\u00a0Minute"},"schema":{"@context":"https:\/\/schema.org","@graph":[{"@type":"WebPage","@id":"https:\/\/hotelcvita.com\/de\/kontakt\/","url":"https:\/\/hotelcvita.com\/de\/kontakt\/","name":"Kontakt - Hotel Cvita Split Kroatien","isPartOf":{"@id":"https:\/\/hotelcvita.com\/de\/#website"},"primaryImageOfPage":{"@id":"https:\/\/hotelcvita.com\/de\/kontakt\/#primaryimage"},"image":{"@id":"https:\/\/hotelcvita.com\/de\/kontakt\/#primaryimage"},"thumbnailUrl":"https:\/\/hotelcvita.com\/wp-content\/uploads\/2025\/02\/contact-1024x664.jpg","datePublished":"2020-01-20T07:01:57+00:00","dateModified":"2025-02-22T21:20:08+00:00","description":"Kontaktieren Sie das Hotel Cvita unter +385 21 549 731, +385 99 44 899 10, info@hotelcvita.com, Antuna Mihanovi\u0107a 42F, 21000-HR, Split, Kroatien","breadcrumb":{"@id":"https:\/\/hotelcvita.com\/de\/kontakt\/#breadcrumb"},"inLanguage":"de","potentialAction":[{"@type":"ReadAction","target":["https:\/\/hotelcvita.com\/de\/kontakt\/"]}]},{"@type":"ImageObject","inLanguage":"de","@id":"https:\/\/hotelcvita.com\/de\/kontakt\/#primaryimage","url":"https:\/\/hotelcvita.com\/wp-content\/uploads\/2025\/02\/contact-1024x664.jpg","contentUrl":"https:\/\/hotelcvita.com\/wp-content\/uploads\/2025\/02\/contact-1024x664.jpg"},{"@type":"BreadcrumbList","@id":"https:\/\/hotelcvita.com\/de\/kontakt\/#breadcrumb","itemListElement":[{"@type":"ListItem","position":1,"name":"Home","item":"https:\/\/hotelcvita.com\/de\/"},{"@type":"ListItem","position":2,"name":"Kontakt"}]},{"@type":"WebSite","@id":"https:\/\/hotelcvita.com\/de\/#website","url":"https:\/\/hotelcvita.com\/de\/","name":"Hotel Cvita Split Kroatien","description":"\u00dcbernachten Sie im Hotel Cvita, einem luxuri\u00f6sen Zufluchtsort im Marjan Park mit atemberaubendem Blick auf die Adria, nur wenige Minuten vom UNESCO-gesch\u00fctzten Stadtzentrum von Split entfernt.","publisher":{"@id":"https:\/\/hotelcvita.com\/de\/#organization"},"potentialAction":[{"@type":"SearchAction","target":{"@type":"EntryPoint","urlTemplate":"https:\/\/hotelcvita.com\/de\/?s={search_term_string}"},"query-input":{"@type":"PropertyValueSpecification","valueRequired":true,"valueName":"search_term_string"}}],"inLanguage":"de"},{"@type":"Organization","@id":"https:\/\/hotelcvita.com\/de\/#organization","name":"Hotel Cvita Split Kroatien","url":"https:\/\/hotelcvita.com\/de\/","logo":{"@type":"ImageObject","inLanguage":"de","@id":"https:\/\/hotelcvita.com\/de\/#\/schema\/logo\/image\/","url":"https:\/\/hotelcvita.com\/wp-content\/uploads\/2024\/10\/hotel-cvita-split-logo.png","contentUrl":"https:\/\/hotelcvita.com\/wp-content\/uploads\/2024\/10\/hotel-cvita-split-logo.png","width":360,"height":360,"caption":"Hotel Cvita Split Kroatien"},"image":{"@id":"https:\/\/hotelcvita.com\/de\/#\/schema\/logo\/image\/"}}]}},"_links":{"self":[{"href":"https:\/\/hotelcvita.com\/de\/wp-json\/wp\/v2\/pages\/8499","targetHints":{"allow":["GET"]}}],"collection":[{"href":"https:\/\/hotelcvita.com\/de\/wp-json\/wp\/v2\/pages"}],"about":[{"href":"https:\/\/hotelcvita.com\/de\/wp-json\/wp\/v2\/types\/page"}],"author":[{"embeddable":true,"href":"https:\/\/hotelcvita.com\/de\/wp-json\/wp\/v2\/users\/1"}],"replies":[{"embeddable":true,"href":"https:\/\/hotelcvita.com\/de\/wp-json\/wp\/v2\/comments?post=8499"}],"version-history":[{"count":4,"href":"https:\/\/hotelcvita.com\/de\/wp-json\/wp\/v2\/pages\/8499\/revisions"}],"predecessor-version":[{"id":8603,"href":"https:\/\/hotelcvita.com\/de\/wp-json\/wp\/v2\/pages\/8499\/revisions\/8603"}],"wp:attachment":[{"href":"https:\/\/hotelcvita.com\/de\/wp-json\/wp\/v2\/media?parent=8499"}],"curies":[{"name":"wp","href":"https:\/\/api.w.org\/{rel}","templated":true}]}}