{"id":8316,"date":"2023-04-17T08:25:16","date_gmt":"2023-04-17T08:25:16","guid":{"rendered":"https:\/\/hotelcvita.com\/otisak\/"},"modified":"2025-02-22T20:46:53","modified_gmt":"2025-02-22T20:46:53","slug":"otisak","status":"publish","type":"page","link":"https:\/\/hotelcvita.com\/hr\/otisak\/","title":{"rendered":"Otisak"},"content":{"rendered":"\t\t<div data-elementor-type=\"wp-page\" data-elementor-id=\"8316\" class=\"elementor elementor-8316 elementor-5851\" data-elementor-post-type=\"page\">\n\t\t\t\t<div class=\"elementor-element elementor-element-59a78c8d e-flex e-con-boxed e-con e-parent\" data-id=\"59a78c8d\" data-element_type=\"container\" data-settings=\"{&quot;background_background&quot;:&quot;classic&quot;,&quot;background_motion_fx_motion_fx_scrolling&quot;:&quot;yes&quot;,&quot;background_motion_fx_translateY_effect&quot;:&quot;yes&quot;,&quot;background_motion_fx_translateY_speed&quot;:{&quot;unit&quot;:&quot;px&quot;,&quot;size&quot;:4,&quot;sizes&quot;:[]},&quot;background_motion_fx_translateY_affectedRange&quot;:{&quot;unit&quot;:&quot;%&quot;,&quot;size&quot;:&quot;&quot;,&quot;sizes&quot;:{&quot;start&quot;:0,&quot;end&quot;:100}},&quot;background_motion_fx_devices&quot;:[&quot;desktop&quot;,&quot;tablet&quot;,&quot;mobile&quot;]}\">\n\t\t\t\t\t<div class=\"e-con-inner\">\n\t\t<div class=\"elementor-element elementor-element-52588be4 e-con-full e-flex e-con e-child\" data-id=\"52588be4\" data-element_type=\"container\">\n\t\t<div class=\"elementor-element elementor-element-5a7c17cf e-con-full e-flex e-con e-child\" data-id=\"5a7c17cf\" data-element_type=\"container\">\n\t\t<div class=\"elementor-element elementor-element-4478da49 e-con-full e-flex e-con e-child\" data-id=\"4478da49\" data-element_type=\"container\">\n\t\t\t\t<\/div>\n\t\t\t\t<\/div>\n\t\t\t\t<\/div>\n\t\t\t\t\t<\/div>\n\t\t\t\t<\/div>\n\t\t<div class=\"elementor-element elementor-element-54d633c e-flex e-con-boxed e-con e-parent\" data-id=\"54d633c\" data-element_type=\"container\" data-settings=\"{&quot;background_background&quot;:&quot;classic&quot;}\">\n\t\t\t\t\t<div class=\"e-con-inner\">\n\t\t<div class=\"elementor-element elementor-element-49f8db1 e-con-full e-flex e-con e-child\" data-id=\"49f8db1\" data-element_type=\"container\">\n\t\t<div class=\"elementor-element elementor-element-037dca3 e-con-full e-flex e-con e-child\" data-id=\"037dca3\" data-element_type=\"container\">\n\t\t<div class=\"elementor-element elementor-element-f269b77 e-con-full e-flex e-con e-child\" data-id=\"f269b77\" data-element_type=\"container\">\n\t\t\t\t<div class=\"elementor-element elementor-element-bf67229 elementor-invisible elementor-widget elementor-widget-heading\" data-id=\"bf67229\" data-element_type=\"widget\" data-settings=\"{&quot;_animation&quot;:&quot;fadeInUp&quot;}\" data-widget_type=\"heading.default\">\n\t\t\t\t<div class=\"elementor-widget-container\">\n\t\t\t\t\t<h2 class=\"elementor-heading-title elementor-size-default\">Hotel Cvita  <\/h2>\t\t\t\t<\/div>\n\t\t\t\t<\/div>\n\t\t\t\t<div class=\"elementor-element elementor-element-4e4a220 elementor-widget elementor-widget-text-editor\" data-id=\"4e4a220\" data-element_type=\"widget\" data-widget_type=\"text-editor.default\">\n\t\t\t\t<div class=\"elementor-widget-container\">\n\t\t\t\t\t\t\t\t\t<p>\u00a9 Hotel Cvita, Plitvice \u0110oga\u0161 doo za ugostiteljstvo i turizam, turisti\u010dka agencija | Pod Kosom 40, 21000 Split | OIB: 65688097699 | MBS 060356033 | Subjekt registriran kod Trgova\u010dkog suda u Splitu Tt-17\/2405-4 | Temeljni kapital u iznosu od 34.490.000,00 kn upla\u0107en u cijelosti | Redateljica: Iva \u0110oga\u0161 | Erste&amp;Steierm\u00e4rkische Bank | IBAN: HR0524020061100815108 | SWIFT (BIC): ESBCHR22 | <a href=\"https:\/\/hotelcvita.com\/hr\/politika-privatnosti\/\">Politika podataka<\/a><\/p>\t\t\t\t\t\t\t\t<\/div>\n\t\t\t\t<\/div>\n\t\t\t\t<\/div>\n\t\t\t\t<\/div>\n\t\t\t\t<\/div>\n\t\t\t\t\t<\/div>\n\t\t\t\t<\/div>\n\t\t\t\t<\/div>\n\t\t","protected":false},"excerpt":{"rendered":"<p>Hotel Cvita \u00a9 Hotel Cvita, Plitvice \u0110oga\u0161 doo za ugostiteljstvo i turizam, turisti\u010dka agencija | Pod Kosom 40, 21000 Split | OIB: 65688097699 | MBS 060356033 | Subjekt registriran kod Trgova\u010dkog suda u Splitu Tt-17\/2405-4 | Temeljni kapital u iznosu od 34.490.000,00 kn upla\u0107en u cijelosti | Redateljica: Iva \u0110oga\u0161 | Erste&amp;Steierm\u00e4rkische Bank | IBAN: [&hellip;]<\/p>\n","protected":false},"author":1,"featured_media":0,"parent":0,"menu_order":5,"comment_status":"closed","ping_status":"closed","template":"elementor_header_footer","meta":{"_joinchat":[],"footnotes":""},"class_list":["post-8316","page","type-page","status-publish","hentry"],"yoast_head":"<!-- This site is optimized with the Yoast SEO plugin v26.2 - https:\/\/yoast.com\/wordpress\/plugins\/seo\/ -->\n<title>Otisak - Hotel Cvita Split Hrvatska<\/title>\n<meta name=\"description\" content=\"Kontaktirajte Hotel Cvita na +385 21 549 731, +385 99 44 899 10, info@hotelcvita.com, Antuna Mihanovi\u0107a 42F, 21000-HR, Split, Hrvatska\" \/>\n<meta name=\"robots\" content=\"index, follow, max-snippet:-1, max-image-preview:large, max-video-preview:-1\" \/>\n<link rel=\"canonical\" href=\"https:\/\/hotelcvita.com\/hr\/otisak\/\" \/>\n<meta property=\"og:locale\" content=\"hr_HR\" \/>\n<meta property=\"og:type\" content=\"article\" \/>\n<meta property=\"og:title\" content=\"Otisak - Hotel Cvita Split Hrvatska\" \/>\n<meta property=\"og:description\" content=\"Kontaktirajte Hotel Cvita na +385 21 549 731, +385 99 44 899 10, info@hotelcvita.com, Antuna Mihanovi\u0107a 42F, 21000-HR, Split, Hrvatska\" \/>\n<meta property=\"og:url\" content=\"https:\/\/hotelcvita.com\/hr\/otisak\/\" \/>\n<meta property=\"og:site_name\" content=\"Hotel Cvita Split Hrvatska\" \/>\n<meta property=\"article:modified_time\" content=\"2025-02-22T20:46:53+00:00\" \/>\n<meta name=\"twitter:card\" content=\"summary_large_image\" \/>\n<script type=\"application\/ld+json\" class=\"yoast-schema-graph\">{\"@context\":\"https:\/\/schema.org\",\"@graph\":[{\"@type\":\"WebPage\",\"@id\":\"https:\/\/hotelcvita.com\/hr\/otisak\/\",\"url\":\"https:\/\/hotelcvita.com\/hr\/otisak\/\",\"name\":\"Otisak - Hotel Cvita Split Hrvatska\",\"isPartOf\":{\"@id\":\"https:\/\/hotelcvita.com\/hr\/#website\"},\"datePublished\":\"2023-04-17T08:25:16+00:00\",\"dateModified\":\"2025-02-22T20:46:53+00:00\",\"description\":\"Kontaktirajte Hotel Cvita na +385 21 549 731, +385 99 44 899 10, info@hotelcvita.com, Antuna Mihanovi\u0107a 42F, 21000-HR, Split, Hrvatska\",\"breadcrumb\":{\"@id\":\"https:\/\/hotelcvita.com\/hr\/otisak\/#breadcrumb\"},\"inLanguage\":\"hr\",\"potentialAction\":[{\"@type\":\"ReadAction\",\"target\":[\"https:\/\/hotelcvita.com\/hr\/otisak\/\"]}]},{\"@type\":\"BreadcrumbList\",\"@id\":\"https:\/\/hotelcvita.com\/hr\/otisak\/#breadcrumb\",\"itemListElement\":[{\"@type\":\"ListItem\",\"position\":1,\"name\":\"Home\",\"item\":\"https:\/\/hotelcvita.com\/hr\/\"},{\"@type\":\"ListItem\",\"position\":2,\"name\":\"Otisak\"}]},{\"@type\":\"WebSite\",\"@id\":\"https:\/\/hotelcvita.com\/hr\/#website\",\"url\":\"https:\/\/hotelcvita.com\/hr\/\",\"name\":\"Hotel Cvita Split Hrvatska\",\"description\":\"Odsjednite u hotelu Cvita, luksuznom mjestu za bijeg u parku Marjan s prekrasnim pogledom na Jadran, samo nekoliko minuta od centra grada Splita koji je pod za\u0161titom UNESCO-a.\",\"publisher\":{\"@id\":\"https:\/\/hotelcvita.com\/hr\/#organization\"},\"potentialAction\":[{\"@type\":\"SearchAction\",\"target\":{\"@type\":\"EntryPoint\",\"urlTemplate\":\"https:\/\/hotelcvita.com\/hr\/?s={search_term_string}\"},\"query-input\":{\"@type\":\"PropertyValueSpecification\",\"valueRequired\":true,\"valueName\":\"search_term_string\"}}],\"inLanguage\":\"hr\"},{\"@type\":\"Organization\",\"@id\":\"https:\/\/hotelcvita.com\/hr\/#organization\",\"name\":\"Hotel Cvita Split Hrvatska\",\"url\":\"https:\/\/hotelcvita.com\/hr\/\",\"logo\":{\"@type\":\"ImageObject\",\"inLanguage\":\"hr\",\"@id\":\"https:\/\/hotelcvita.com\/hr\/#\/schema\/logo\/image\/\",\"url\":\"https:\/\/hotelcvita.com\/wp-content\/uploads\/2024\/10\/hotel-cvita-split-logo.png\",\"contentUrl\":\"https:\/\/hotelcvita.com\/wp-content\/uploads\/2024\/10\/hotel-cvita-split-logo.png\",\"width\":360,\"height\":360,\"caption\":\"Hotel Cvita Split Hrvatska\"},\"image\":{\"@id\":\"https:\/\/hotelcvita.com\/hr\/#\/schema\/logo\/image\/\"}}]}<\/script>\n<!-- \/ Yoast SEO plugin. -->","yoast_head_json":{"title":"Otisak - Hotel Cvita Split Hrvatska","description":"Kontaktirajte Hotel Cvita na +385 21 549 731, +385 99 44 899 10, info@hotelcvita.com, Antuna Mihanovi\u0107a 42F, 21000-HR, Split, Hrvatska","robots":{"index":"index","follow":"follow","max-snippet":"max-snippet:-1","max-image-preview":"max-image-preview:large","max-video-preview":"max-video-preview:-1"},"canonical":"https:\/\/hotelcvita.com\/hr\/otisak\/","og_locale":"hr_HR","og_type":"article","og_title":"Otisak - Hotel Cvita Split Hrvatska","og_description":"Kontaktirajte Hotel Cvita na +385 21 549 731, +385 99 44 899 10, info@hotelcvita.com, Antuna Mihanovi\u0107a 42F, 21000-HR, Split, Hrvatska","og_url":"https:\/\/hotelcvita.com\/hr\/otisak\/","og_site_name":"Hotel Cvita Split Hrvatska","article_modified_time":"2025-02-22T20:46:53+00:00","twitter_card":"summary_large_image","schema":{"@context":"https:\/\/schema.org","@graph":[{"@type":"WebPage","@id":"https:\/\/hotelcvita.com\/hr\/otisak\/","url":"https:\/\/hotelcvita.com\/hr\/otisak\/","name":"Otisak - Hotel Cvita Split Hrvatska","isPartOf":{"@id":"https:\/\/hotelcvita.com\/hr\/#website"},"datePublished":"2023-04-17T08:25:16+00:00","dateModified":"2025-02-22T20:46:53+00:00","description":"Kontaktirajte Hotel Cvita na +385 21 549 731, +385 99 44 899 10, info@hotelcvita.com, Antuna Mihanovi\u0107a 42F, 21000-HR, Split, Hrvatska","breadcrumb":{"@id":"https:\/\/hotelcvita.com\/hr\/otisak\/#breadcrumb"},"inLanguage":"hr","potentialAction":[{"@type":"ReadAction","target":["https:\/\/hotelcvita.com\/hr\/otisak\/"]}]},{"@type":"BreadcrumbList","@id":"https:\/\/hotelcvita.com\/hr\/otisak\/#breadcrumb","itemListElement":[{"@type":"ListItem","position":1,"name":"Home","item":"https:\/\/hotelcvita.com\/hr\/"},{"@type":"ListItem","position":2,"name":"Otisak"}]},{"@type":"WebSite","@id":"https:\/\/hotelcvita.com\/hr\/#website","url":"https:\/\/hotelcvita.com\/hr\/","name":"Hotel Cvita Split Hrvatska","description":"Odsjednite u hotelu Cvita, luksuznom mjestu za bijeg u parku Marjan s prekrasnim pogledom na Jadran, samo nekoliko minuta od centra grada Splita koji je pod za\u0161titom UNESCO-a.","publisher":{"@id":"https:\/\/hotelcvita.com\/hr\/#organization"},"potentialAction":[{"@type":"SearchAction","target":{"@type":"EntryPoint","urlTemplate":"https:\/\/hotelcvita.com\/hr\/?s={search_term_string}"},"query-input":{"@type":"PropertyValueSpecification","valueRequired":true,"valueName":"search_term_string"}}],"inLanguage":"hr"},{"@type":"Organization","@id":"https:\/\/hotelcvita.com\/hr\/#organization","name":"Hotel Cvita Split Hrvatska","url":"https:\/\/hotelcvita.com\/hr\/","logo":{"@type":"ImageObject","inLanguage":"hr","@id":"https:\/\/hotelcvita.com\/hr\/#\/schema\/logo\/image\/","url":"https:\/\/hotelcvita.com\/wp-content\/uploads\/2024\/10\/hotel-cvita-split-logo.png","contentUrl":"https:\/\/hotelcvita.com\/wp-content\/uploads\/2024\/10\/hotel-cvita-split-logo.png","width":360,"height":360,"caption":"Hotel Cvita Split Hrvatska"},"image":{"@id":"https:\/\/hotelcvita.com\/hr\/#\/schema\/logo\/image\/"}}]}},"_links":{"self":[{"href":"https:\/\/hotelcvita.com\/hr\/wp-json\/wp\/v2\/pages\/8316","targetHints":{"allow":["GET"]}}],"collection":[{"href":"https:\/\/hotelcvita.com\/hr\/wp-json\/wp\/v2\/pages"}],"about":[{"href":"https:\/\/hotelcvita.com\/hr\/wp-json\/wp\/v2\/types\/page"}],"author":[{"embeddable":true,"href":"https:\/\/hotelcvita.com\/hr\/wp-json\/wp\/v2\/users\/1"}],"replies":[{"embeddable":true,"href":"https:\/\/hotelcvita.com\/hr\/wp-json\/wp\/v2\/comments?post=8316"}],"version-history":[{"count":2,"href":"https:\/\/hotelcvita.com\/hr\/wp-json\/wp\/v2\/pages\/8316\/revisions"}],"predecessor-version":[{"id":8528,"href":"https:\/\/hotelcvita.com\/hr\/wp-json\/wp\/v2\/pages\/8316\/revisions\/8528"}],"wp:attachment":[{"href":"https:\/\/hotelcvita.com\/hr\/wp-json\/wp\/v2\/media?parent=8316"}],"curies":[{"name":"wp","href":"https:\/\/api.w.org\/{rel}","templated":true}]}}