{"id":8326,"date":"2024-10-16T10:45:58","date_gmt":"2024-10-16T10:45:58","guid":{"rendered":"https:\/\/hotelcvita.com\/politika-privatnosti\/"},"modified":"2025-02-22T19:48:51","modified_gmt":"2025-02-22T19:48:51","slug":"politika-privatnosti","status":"publish","type":"page","link":"https:\/\/hotelcvita.com\/hr\/politika-privatnosti\/","title":{"rendered":"Politika privatnosti"},"content":{"rendered":"\t\t<div data-elementor-type=\"wp-page\" data-elementor-id=\"8326\" class=\"elementor elementor-8326 elementor-3\" data-elementor-post-type=\"page\">\n\t\t\t\t<div class=\"elementor-element elementor-element-1e395079 e-flex e-con-boxed e-con e-parent\" data-id=\"1e395079\" data-element_type=\"container\" data-settings=\"{&quot;background_background&quot;:&quot;classic&quot;,&quot;background_motion_fx_motion_fx_scrolling&quot;:&quot;yes&quot;,&quot;background_motion_fx_translateY_effect&quot;:&quot;yes&quot;,&quot;background_motion_fx_translateY_speed&quot;:{&quot;unit&quot;:&quot;px&quot;,&quot;size&quot;:4,&quot;sizes&quot;:[]},&quot;background_motion_fx_translateY_affectedRange&quot;:{&quot;unit&quot;:&quot;%&quot;,&quot;size&quot;:&quot;&quot;,&quot;sizes&quot;:{&quot;start&quot;:0,&quot;end&quot;:100}},&quot;background_motion_fx_devices&quot;:[&quot;desktop&quot;,&quot;tablet&quot;,&quot;mobile&quot;]}\">\n\t\t\t\t\t<div class=\"e-con-inner\">\n\t\t<div class=\"elementor-element elementor-element-56f90927 e-con-full e-flex e-con e-child\" data-id=\"56f90927\" data-element_type=\"container\">\n\t\t<div class=\"elementor-element elementor-element-6f458a16 e-con-full e-flex e-con e-child\" data-id=\"6f458a16\" data-element_type=\"container\">\n\t\t<div class=\"elementor-element elementor-element-6f7ae553 e-con-full e-flex e-con e-child\" data-id=\"6f7ae553\" data-element_type=\"container\">\n\t\t\t\t<\/div>\n\t\t\t\t<\/div>\n\t\t\t\t<\/div>\n\t\t\t\t\t<\/div>\n\t\t\t\t<\/div>\n\t\t<div class=\"elementor-element elementor-element-94c9cb3 e-flex e-con-boxed e-con e-parent\" data-id=\"94c9cb3\" data-element_type=\"container\" data-settings=\"{&quot;background_background&quot;:&quot;classic&quot;}\">\n\t\t\t\t\t<div class=\"e-con-inner\">\n\t\t<div class=\"elementor-element elementor-element-53f0406 e-con-full e-flex e-con e-child\" data-id=\"53f0406\" data-element_type=\"container\">\n\t\t\t\t<div class=\"elementor-element elementor-element-5e0c738 elementor-widget elementor-widget-text-editor\" data-id=\"5e0c738\" data-element_type=\"widget\" data-widget_type=\"text-editor.default\">\n\t\t\t\t<div class=\"elementor-widget-container\">\n\t\t\t\t\t\t\t\t\t<p><em><strong>Privatnost i za\u0161tita osobnih podataka<\/strong><\/em><\/p><p>Hotel Cvita se obvezuje pru\u017eati za\u0161titu podataka o korisnicima na na\u010din da prikuplja samo osnovne podatke o posjetiteljima koji su nu\u017eni za ispunjenje na\u0161ih obveza, informira kupce o na\u010dinu kori\u0161tenja prikupljenih podataka, redovito daje kupcima mogu\u0107nost izbora kori\u0161tenja njihovih podataka, uklju\u010duju\u0107i mogu\u0107nost odluke ho\u0107e li ili ne ukloniti svoje ime s popisa koji se koriste za marketin\u0161ke kampanje. Svi podaci o kupcima se strogo \u010duvaju i dostupni su samo zaposlenicima \u010diji su podaci nu\u017eni za poslovanje. Svi zaposlenici odgovorni su za po\u0161tivanje politike privatnosti. Po\u0161tujemo privatnost posjetitelja na web stranici www.hotelcvita.com te \u0107emo prikupljati osobne podatke kao \u0161to su korisni\u010dko ime, adresa, telefonski broj ili adresa e-po\u0161te korisnika samo kada nam se ti podaci dobrovoljno dostave. Ovi podaci koristit \u0107e se za potrebe kontakta i evidencije korisnika ove web stranice te za statisti\u010dku obradu posje\u0107enosti stranice. Gore navedeni podaci ne\u0107e se prodavati, koristiti niti prenositi tre\u0107im stranama bez izri\u010ditog pristanka korisnika. Sve promjene pravila o privatnosti bit \u0107e objavljene na ovoj web stranici. Komunikacija ili materijali koje dostavljaju korisnici poput pitanja, komentara, prijedloga itd. ne\u0107e se smatrati povjerljivima.       <\/p><p><strong>Kola\u010di\u0107i<\/strong><\/p><p>Kako bismo pobolj\u0161ali iskustvo pregledavanja i kori\u0161tenja ove stranice, ova stranica sprema malu koli\u010dinu informacija (kola\u010di\u0107e). Podaci se prikupljaju za pra\u0107enje prometa i karakteristika korisnika, prikupljanje podataka o preferencijama i pona\u0161anju posjetitelja te prikupljanje podataka za internu statistiku za pobolj\u0161anje usluge blokiranjem kola\u010di\u0107a, a vi i dalje mo\u017eete pregledavati stranicu, ali neke njezine zna\u010dajke ne\u0107e biti dostupne. <\/p><p><strong>\u0160to je kola\u010di\u0107?<\/strong><\/p><p>Informacije o kola\u010di\u0107ima na va\u0161e ra\u010dunalo sprema web stranica koju posjetite. Kola\u010di\u0107i obi\u010dno spremaju postavke va\u0161e stranice, kao \u0161to su \u017eeljeni jezik ili adresa. Kasnije, kada ponovno otvorite istu web stranicu, internetski preglednik \u0161alje natrag kola\u010di\u0107e koji pripadaju toj stranici. To omogu\u0107uje stranici da prika\u017ee informacije prilago\u0111ene va\u0161im potrebama. Kola\u010di\u0107i mogu spremati \u0161irok raspon informacija uklju\u010duju\u0107i osobne podatke (kao \u0161to je va\u0161e ime ili adresa e-po\u0161te). Me\u0111utim, te se informacije mogu spremiti samo ako to omogu\u0107ite \u2013 web stranice ne mogu pristupiti informacijama koje im niste dali i ne mogu pristupiti drugim datotekama na va\u0161em ra\u010dunalu. Zadana aktivnost spremanja i slanja kola\u010di\u0107a vam nije vidljiva. Me\u0111utim, mo\u017eete promijeniti postavke internetskog preglednika tako da sami birate ho\u0107ete li ili ne odobriti ili odbiti zahtjeve za kola\u010di\u0107ima, automatski brisati kola\u010di\u0107e kada zatvorite preglednik i sli\u010dno.       <\/p><p><strong>Kako onemogu\u0107iti kola\u010di\u0107e<\/strong><\/p><p>Isklju\u010divanjem kola\u010di\u0107a odlu\u010dujete ho\u0107ete li dopustiti pohranjivanje kola\u010di\u0107a na va\u0161em ra\u010dunalu. Postavke kola\u010di\u0107a mogu se kontrolirati i konfigurirati u web pregledniku. Za informacije o postavkama kola\u010di\u0107a odaberite web preglednik koji koristite: Chrome, Firefox, Internet Explorer 9, Internet Explorer 7 i 8, Opera (stranica na engleskom), Safari (stranica na engleskom). Ako onemogu\u0107ite kola\u010di\u0107e, ne\u0107ete mo\u0107i koristiti neke od funkcionalnosti na web stranici.   <\/p><p><strong>\u0160to su privremeni kola\u010di\u0107i?<\/strong><\/p><p>Privremeni kola\u010di\u0107i ili kola\u010di\u0107i sesije uklanjaju se s va\u0161eg ra\u010dunala zatvaranjem internetskog preglednika. S njima web-mjesta pohranjuju privremene podatke, poput stavki u ko\u0161arici za kupnju. <\/p><p><strong>\u0160to su trajni kola\u010di\u0107i?<\/strong><\/p><p>Trajni ili spremljeni kola\u010di\u0107i ostaju na va\u0161em ra\u010dunalu nakon \u0161to zatvorite program internetskog preglednika. S njima web-mjesta pohranjuju podatke kao \u0161to su va\u0161e ime za prijavu i lozinka, tako da se ne morate prijavljivati \u200b\u200bza svaki posjet odre\u0111enoj lokaciji. Trajni kola\u010di\u0107i ostat \u0107e na va\u0161em ra\u010dunalu danima, mjesecima, \u010dak i godinama.  <\/p><p><strong>\u0160to su kola\u010di\u0107i prve strane?<\/strong><\/p><p>Kola\u010di\u0107i prve strane dolaze sa stranica koje gledate i mogu biti trajni ili privremeni. Pomo\u0107u ovih kola\u010di\u0107a web stranice mogu pohraniti podatke koje \u0107e ponovno koristiti kada posjete stranicu. <\/p><p><strong>\u0160to su kola\u010di\u0107i tre\u0107e strane?<\/strong><\/p><p>Kola\u010di\u0107i tre\u0107e strane dolaze s oglasa s drugih web-mjesta (kao \u0161to su pop ili drugi oglasi) koji se nalaze na web-mjestu koje gledate. Pomo\u0107u ovih kola\u010di\u0107a web stranice mogu pratiti kori\u0161tenje interneta u marketin\u0161ke svrhe. <\/p><p><strong>Koristi li Hotel Cvita kola\u010di\u0107e?<\/strong><\/p><p>Da, s primarnim ciljem da na\u0161a web stranica bude bolje korisni\u010dko iskustvo<\/p><p><strong>Kakve kola\u010di\u0107e koristi Villa Kogo i za\u0161to?<\/strong><\/p><p>\u2013 Kola\u010di\u0107i sesije \u2013 poznati i kao kola\u010di\u0107i sesije automatski se bri\u0161u kada zatvorite internetski preglednik. Njima mjerimo posje\u0107enost. <br>\u2013 Trajni kola\u010di\u0107i \u2013 obi\u010dno imaju datum isteka daleko u budu\u0107nosti i ostat \u0107e u pregledniku dok ne isteknu ili dok ih ru\u010dno ne izbri\u0161ete. Koristimo trajne kola\u010di\u0107e za mjerenje va\u0161e prisutnosti. Tako\u0111er koristimo trajne kola\u010di\u0107e kako bismo bolje razumjeli navike korisnika kako bismo mogli pobolj\u0161ati web stranicu u skladu s va\u0161im navikama. Ove informacije su anonimne \u2013 ne vidimo podatke o pojedina\u010dnim korisnicima.   <\/p><p><strong>Ima li web stranica kola\u010di\u0107e tre\u0107e strane?<\/strong><\/p><p>Postoji nekoliko vanjskih usluga koje spremaju kola\u010di\u0107e korisniku. Ove kola\u010di\u0107e ne postavlja ova stranica, ali neki slu\u017ee normalnom funkcioniranju odre\u0111enih zna\u010dajki koje korisnicima olak\u0161avaju pristup sadr\u017eaju. <\/p><p><strong>Mjerenje posje\u0107enosti<\/strong><\/p><p>Ova stranica koristi nekoliko usluga mjerenja, kao \u0161to je Google Analytics.<\/p><p><strong>Vi\u0161e informacija o isklju\u010divanju kola\u010di\u0107a<\/strong><\/p><p>Trenutno postoji nekoliko web stranica za isklju\u010divanje kola\u010di\u0107a za razli\u010dite usluge. Vi\u0161e mo\u017eete pro\u010ditati na sljede\u0107im poveznicama:<br> http:\/\/www.allaboutcookies.org\/<br> http:\/\/www.youronlinechoices.eu\/<br> http:\/\/www.aboutads.info\/choices\/ <\/p><p>Za sve dodatne informacije kao i kopije svih prikupljenih podataka ili ako \u017eelite poslati zahtjev za brisanje podataka kontaktirajte nas:<\/p><p>Antuna Mihanovi\u0107a 42F<br> 21000 Split, Hrvatska<\/p><p>  T: +385 21 549 731<\/p><p>M: +385 99 44 899 10<\/p><p><a href=\"mailto:info@hotelcvita.com\">info@hotelcvita.com<\/a><\/p>\t\t\t\t\t\t\t\t<\/div>\n\t\t\t\t<\/div>\n\t\t\t\t<\/div>\n\t\t\t\t\t<\/div>\n\t\t\t\t<\/div>\n\t\t\t\t<\/div>\n\t\t","protected":false},"excerpt":{"rendered":"<p>Privatnost i za\u0161tita osobnih podataka Hotel Cvita se obvezuje pru\u017eati za\u0161titu podataka o korisnicima na na\u010din da prikuplja samo osnovne podatke o posjetiteljima koji su nu\u017eni za ispunjenje na\u0161ih obveza, informira kupce o na\u010dinu kori\u0161tenja prikupljenih podataka, redovito daje kupcima mogu\u0107nost izbora kori\u0161tenja njihovih podataka, uklju\u010duju\u0107i mogu\u0107nost odluke ho\u0107e li ili ne ukloniti svoje ime [&hellip;]<\/p>\n","protected":false},"author":1,"featured_media":0,"parent":0,"menu_order":0,"comment_status":"closed","ping_status":"closed","template":"elementor_header_footer","meta":{"_joinchat":[],"footnotes":""},"class_list":["post-8326","page","type-page","status-publish","hentry"],"yoast_head":"<!-- This site is optimized with the Yoast SEO plugin v26.2 - https:\/\/yoast.com\/wordpress\/plugins\/seo\/ -->\n<title>Politika privatnosti - Hotel Cvita Split Hrvatska<\/title>\n<meta name=\"robots\" content=\"index, follow, max-snippet:-1, max-image-preview:large, max-video-preview:-1\" \/>\n<link rel=\"canonical\" href=\"https:\/\/hotelcvita.com\/hr\/politika-privatnosti\/\" \/>\n<meta property=\"og:locale\" content=\"hr_HR\" \/>\n<meta property=\"og:type\" content=\"article\" \/>\n<meta property=\"og:title\" content=\"Politika privatnosti - Hotel Cvita Split Hrvatska\" \/>\n<meta property=\"og:description\" content=\"Privatnost i za\u0161tita osobnih podataka Hotel Cvita se obvezuje pru\u017eati za\u0161titu podataka o korisnicima na na\u010din da prikuplja samo osnovne podatke o posjetiteljima koji su nu\u017eni za ispunjenje na\u0161ih obveza, informira kupce o na\u010dinu kori\u0161tenja prikupljenih podataka, redovito daje kupcima mogu\u0107nost izbora kori\u0161tenja njihovih podataka, uklju\u010duju\u0107i mogu\u0107nost odluke ho\u0107e li ili ne ukloniti svoje ime [&hellip;]\" \/>\n<meta property=\"og:url\" content=\"https:\/\/hotelcvita.com\/hr\/politika-privatnosti\/\" \/>\n<meta property=\"og:site_name\" content=\"Hotel Cvita Split Hrvatska\" \/>\n<meta property=\"article:modified_time\" content=\"2025-02-22T19:48:51+00:00\" \/>\n<meta name=\"twitter:card\" content=\"summary_large_image\" \/>\n<meta name=\"twitter:label1\" content=\"Procijenjeno vrijeme \u010ditanja\" \/>\n\t<meta name=\"twitter:data1\" content=\"5 minuta\" \/>\n<script type=\"application\/ld+json\" class=\"yoast-schema-graph\">{\"@context\":\"https:\/\/schema.org\",\"@graph\":[{\"@type\":\"WebPage\",\"@id\":\"https:\/\/hotelcvita.com\/hr\/politika-privatnosti\/\",\"url\":\"https:\/\/hotelcvita.com\/hr\/politika-privatnosti\/\",\"name\":\"Politika privatnosti - Hotel Cvita Split Hrvatska\",\"isPartOf\":{\"@id\":\"https:\/\/hotelcvita.com\/hr\/#website\"},\"datePublished\":\"2024-10-16T10:45:58+00:00\",\"dateModified\":\"2025-02-22T19:48:51+00:00\",\"breadcrumb\":{\"@id\":\"https:\/\/hotelcvita.com\/hr\/politika-privatnosti\/#breadcrumb\"},\"inLanguage\":\"hr\",\"potentialAction\":[{\"@type\":\"ReadAction\",\"target\":[\"https:\/\/hotelcvita.com\/hr\/politika-privatnosti\/\"]}]},{\"@type\":\"BreadcrumbList\",\"@id\":\"https:\/\/hotelcvita.com\/hr\/politika-privatnosti\/#breadcrumb\",\"itemListElement\":[{\"@type\":\"ListItem\",\"position\":1,\"name\":\"Home\",\"item\":\"https:\/\/hotelcvita.com\/hr\/\"},{\"@type\":\"ListItem\",\"position\":2,\"name\":\"Politika privatnosti\"}]},{\"@type\":\"WebSite\",\"@id\":\"https:\/\/hotelcvita.com\/hr\/#website\",\"url\":\"https:\/\/hotelcvita.com\/hr\/\",\"name\":\"Hotel Cvita Split Hrvatska\",\"description\":\"Odsjednite u hotelu Cvita, luksuznom mjestu za bijeg u parku Marjan s prekrasnim pogledom na Jadran, samo nekoliko minuta od centra grada Splita koji je pod za\u0161titom UNESCO-a.\",\"publisher\":{\"@id\":\"https:\/\/hotelcvita.com\/hr\/#organization\"},\"potentialAction\":[{\"@type\":\"SearchAction\",\"target\":{\"@type\":\"EntryPoint\",\"urlTemplate\":\"https:\/\/hotelcvita.com\/hr\/?s={search_term_string}\"},\"query-input\":{\"@type\":\"PropertyValueSpecification\",\"valueRequired\":true,\"valueName\":\"search_term_string\"}}],\"inLanguage\":\"hr\"},{\"@type\":\"Organization\",\"@id\":\"https:\/\/hotelcvita.com\/hr\/#organization\",\"name\":\"Hotel Cvita Split Hrvatska\",\"url\":\"https:\/\/hotelcvita.com\/hr\/\",\"logo\":{\"@type\":\"ImageObject\",\"inLanguage\":\"hr\",\"@id\":\"https:\/\/hotelcvita.com\/hr\/#\/schema\/logo\/image\/\",\"url\":\"https:\/\/hotelcvita.com\/wp-content\/uploads\/2024\/10\/hotel-cvita-split-logo.png\",\"contentUrl\":\"https:\/\/hotelcvita.com\/wp-content\/uploads\/2024\/10\/hotel-cvita-split-logo.png\",\"width\":360,\"height\":360,\"caption\":\"Hotel Cvita Split Hrvatska\"},\"image\":{\"@id\":\"https:\/\/hotelcvita.com\/hr\/#\/schema\/logo\/image\/\"}}]}<\/script>\n<!-- \/ Yoast SEO plugin. -->","yoast_head_json":{"title":"Politika privatnosti - Hotel Cvita Split Hrvatska","robots":{"index":"index","follow":"follow","max-snippet":"max-snippet:-1","max-image-preview":"max-image-preview:large","max-video-preview":"max-video-preview:-1"},"canonical":"https:\/\/hotelcvita.com\/hr\/politika-privatnosti\/","og_locale":"hr_HR","og_type":"article","og_title":"Politika privatnosti - Hotel Cvita Split Hrvatska","og_description":"Privatnost i za\u0161tita osobnih podataka Hotel Cvita se obvezuje pru\u017eati za\u0161titu podataka o korisnicima na na\u010din da prikuplja samo osnovne podatke o posjetiteljima koji su nu\u017eni za ispunjenje na\u0161ih obveza, informira kupce o na\u010dinu kori\u0161tenja prikupljenih podataka, redovito daje kupcima mogu\u0107nost izbora kori\u0161tenja njihovih podataka, uklju\u010duju\u0107i mogu\u0107nost odluke ho\u0107e li ili ne ukloniti svoje ime [&hellip;]","og_url":"https:\/\/hotelcvita.com\/hr\/politika-privatnosti\/","og_site_name":"Hotel Cvita Split Hrvatska","article_modified_time":"2025-02-22T19:48:51+00:00","twitter_card":"summary_large_image","twitter_misc":{"Procijenjeno vrijeme \u010ditanja":"5 minuta"},"schema":{"@context":"https:\/\/schema.org","@graph":[{"@type":"WebPage","@id":"https:\/\/hotelcvita.com\/hr\/politika-privatnosti\/","url":"https:\/\/hotelcvita.com\/hr\/politika-privatnosti\/","name":"Politika privatnosti - Hotel Cvita Split Hrvatska","isPartOf":{"@id":"https:\/\/hotelcvita.com\/hr\/#website"},"datePublished":"2024-10-16T10:45:58+00:00","dateModified":"2025-02-22T19:48:51+00:00","breadcrumb":{"@id":"https:\/\/hotelcvita.com\/hr\/politika-privatnosti\/#breadcrumb"},"inLanguage":"hr","potentialAction":[{"@type":"ReadAction","target":["https:\/\/hotelcvita.com\/hr\/politika-privatnosti\/"]}]},{"@type":"BreadcrumbList","@id":"https:\/\/hotelcvita.com\/hr\/politika-privatnosti\/#breadcrumb","itemListElement":[{"@type":"ListItem","position":1,"name":"Home","item":"https:\/\/hotelcvita.com\/hr\/"},{"@type":"ListItem","position":2,"name":"Politika privatnosti"}]},{"@type":"WebSite","@id":"https:\/\/hotelcvita.com\/hr\/#website","url":"https:\/\/hotelcvita.com\/hr\/","name":"Hotel Cvita Split Hrvatska","description":"Odsjednite u hotelu Cvita, luksuznom mjestu za bijeg u parku Marjan s prekrasnim pogledom na Jadran, samo nekoliko minuta od centra grada Splita koji je pod za\u0161titom UNESCO-a.","publisher":{"@id":"https:\/\/hotelcvita.com\/hr\/#organization"},"potentialAction":[{"@type":"SearchAction","target":{"@type":"EntryPoint","urlTemplate":"https:\/\/hotelcvita.com\/hr\/?s={search_term_string}"},"query-input":{"@type":"PropertyValueSpecification","valueRequired":true,"valueName":"search_term_string"}}],"inLanguage":"hr"},{"@type":"Organization","@id":"https:\/\/hotelcvita.com\/hr\/#organization","name":"Hotel Cvita Split Hrvatska","url":"https:\/\/hotelcvita.com\/hr\/","logo":{"@type":"ImageObject","inLanguage":"hr","@id":"https:\/\/hotelcvita.com\/hr\/#\/schema\/logo\/image\/","url":"https:\/\/hotelcvita.com\/wp-content\/uploads\/2024\/10\/hotel-cvita-split-logo.png","contentUrl":"https:\/\/hotelcvita.com\/wp-content\/uploads\/2024\/10\/hotel-cvita-split-logo.png","width":360,"height":360,"caption":"Hotel Cvita Split Hrvatska"},"image":{"@id":"https:\/\/hotelcvita.com\/hr\/#\/schema\/logo\/image\/"}}]}},"_links":{"self":[{"href":"https:\/\/hotelcvita.com\/hr\/wp-json\/wp\/v2\/pages\/8326","targetHints":{"allow":["GET"]}}],"collection":[{"href":"https:\/\/hotelcvita.com\/hr\/wp-json\/wp\/v2\/pages"}],"about":[{"href":"https:\/\/hotelcvita.com\/hr\/wp-json\/wp\/v2\/types\/page"}],"author":[{"embeddable":true,"href":"https:\/\/hotelcvita.com\/hr\/wp-json\/wp\/v2\/users\/1"}],"replies":[{"embeddable":true,"href":"https:\/\/hotelcvita.com\/hr\/wp-json\/wp\/v2\/comments?post=8326"}],"version-history":[{"count":1,"href":"https:\/\/hotelcvita.com\/hr\/wp-json\/wp\/v2\/pages\/8326\/revisions"}],"predecessor-version":[{"id":8327,"href":"https:\/\/hotelcvita.com\/hr\/wp-json\/wp\/v2\/pages\/8326\/revisions\/8327"}],"wp:attachment":[{"href":"https:\/\/hotelcvita.com\/hr\/wp-json\/wp\/v2\/media?parent=8326"}],"curies":[{"name":"wp","href":"https:\/\/api.w.org\/{rel}","templated":true}]}}