{"id":8482,"date":"2020-01-20T07:01:57","date_gmt":"2020-01-20T07:01:57","guid":{"rendered":"https:\/\/hotelcvita.com\/kontakt\/"},"modified":"2025-02-22T21:21:11","modified_gmt":"2025-02-22T21:21:11","slug":"kontakt","status":"publish","type":"page","link":"https:\/\/hotelcvita.com\/hr\/kontakt\/","title":{"rendered":"Kontakt"},"content":{"rendered":"\t\t<div data-elementor-type=\"wp-page\" data-elementor-id=\"8482\" class=\"elementor elementor-8482 elementor-5568\" data-elementor-post-type=\"page\">\n\t\t\t\t<div class=\"elementor-element elementor-element-1f77a6bf e-flex e-con-boxed e-con e-parent\" data-id=\"1f77a6bf\" data-element_type=\"container\" data-settings=\"{&quot;background_background&quot;:&quot;classic&quot;,&quot;background_motion_fx_motion_fx_scrolling&quot;:&quot;yes&quot;,&quot;background_motion_fx_translateY_effect&quot;:&quot;yes&quot;,&quot;background_motion_fx_translateY_speed&quot;:{&quot;unit&quot;:&quot;px&quot;,&quot;size&quot;:4,&quot;sizes&quot;:[]},&quot;background_motion_fx_translateY_affectedRange&quot;:{&quot;unit&quot;:&quot;%&quot;,&quot;size&quot;:&quot;&quot;,&quot;sizes&quot;:{&quot;start&quot;:0,&quot;end&quot;:100}},&quot;background_motion_fx_devices&quot;:[&quot;desktop&quot;,&quot;tablet&quot;,&quot;mobile&quot;]}\">\n\t\t\t\t\t<div class=\"e-con-inner\">\n\t\t<div class=\"elementor-element elementor-element-1086317e e-con-full e-flex e-con e-child\" data-id=\"1086317e\" data-element_type=\"container\">\n\t\t<div class=\"elementor-element elementor-element-506a41f6 e-con-full e-flex e-con e-child\" data-id=\"506a41f6\" data-element_type=\"container\">\n\t\t<div class=\"elementor-element elementor-element-55087314 e-con-full e-flex e-con e-child\" data-id=\"55087314\" data-element_type=\"container\">\n\t\t\t\t<\/div>\n\t\t\t\t<\/div>\n\t\t\t\t<\/div>\n\t\t\t\t\t<\/div>\n\t\t\t\t<\/div>\n\t\t<div class=\"elementor-element elementor-element-48ae0a1 e-flex e-con-boxed e-con e-parent\" data-id=\"48ae0a1\" data-element_type=\"container\">\n\t\t\t\t\t<div class=\"e-con-inner\">\n\t\t<div class=\"elementor-element elementor-element-9494783 e-con-full e-flex e-con e-child\" data-id=\"9494783\" data-element_type=\"container\">\n\t\t\t\t<div class=\"elementor-element elementor-element-dc2ba80 elementor-invisible elementor-widget elementor-widget-heading\" data-id=\"dc2ba80\" data-element_type=\"widget\" data-settings=\"{&quot;_animation&quot;:&quot;fadeInUp&quot;}\" data-widget_type=\"heading.default\">\n\t\t\t\t<div class=\"elementor-widget-container\">\n\t\t\t\t\t<h2 class=\"elementor-heading-title elementor-size-default\">Lokacija i kontakt<\/h2>\t\t\t\t<\/div>\n\t\t\t\t<\/div>\n\t\t\t\t<div class=\"elementor-element elementor-element-9b31bba elementor-widget elementor-widget-heading\" data-id=\"9b31bba\" data-element_type=\"widget\" data-widget_type=\"heading.default\">\n\t\t\t\t<div class=\"elementor-widget-container\">\n\t\t\t\t\t<div class=\"elementor-heading-title elementor-size-default\">Hotel Cvita smje\u0161ten je na ju\u017enim padinama brda Marjan, okru\u017een gustom borovom \u0161umom i pru\u017ea prekrasan pogled na jug prema otvorenom moru koji oduzima dah. Jedini je to hotel unutar granica Park \u0161ume Marjan, \u0161to ga \u010dini zaista posebnom oazom. Jedinstvena lokacija hotela u Splitu omogu\u0107uje vam da imate najbolje od oba svijeta:povucite se i pomladite u mirnom okru\u017eenju pro\u0161e\u0107ite nizbrdo i istra\u017eite UNESCO-vu svjetsku ba\u0161tinu iz 4. stolje\u0107a \u2013 starorimsku Dioklecijanovu pala\u010du<\/div>\t\t\t\t<\/div>\n\t\t\t\t<\/div>\n\t\t<div class=\"elementor-element elementor-element-93d9bfa e-con-full e-flex e-con e-child\" data-id=\"93d9bfa\" data-element_type=\"container\">\n\t\t<div class=\"elementor-element elementor-element-3be0606 e-con-full e-flex e-con e-child\" data-id=\"3be0606\" data-element_type=\"container\">\n\t\t\t\t<div class=\"elementor-element elementor-element-3b405f2 elementor-widget elementor-widget-heading\" data-id=\"3b405f2\" data-element_type=\"widget\" data-widget_type=\"heading.default\">\n\t\t\t\t<div class=\"elementor-widget-container\">\n\t\t\t\t\t<h4 class=\"elementor-heading-title elementor-size-default\">Ured<\/h4>\t\t\t\t<\/div>\n\t\t\t\t<\/div>\n\t\t\t\t<div class=\"elementor-element elementor-element-d9d507b elementor-widget elementor-widget-heading\" data-id=\"d9d507b\" data-element_type=\"widget\" data-widget_type=\"heading.default\">\n\t\t\t\t<div class=\"elementor-widget-container\">\n\t\t\t\t\t<div class=\"elementor-heading-title elementor-size-default\">Antuna Mihanovi\u0107a 42F HR-21000, Split<\/div>\t\t\t\t<\/div>\n\t\t\t\t<\/div>\n\t\t\t\t<div class=\"elementor-element elementor-element-59059f7 elementor-widget elementor-widget-heading\" data-id=\"59059f7\" data-element_type=\"widget\" data-widget_type=\"heading.default\">\n\t\t\t\t<div class=\"elementor-widget-container\">\n\t\t\t\t\t<div class=\"elementor-heading-title elementor-size-default\"><a href=\"mailto:info@hotelcvita.com%20%20\">info@hotelcvita.com  <\/a><\/div>\t\t\t\t<\/div>\n\t\t\t\t<\/div>\n\t\t\t\t<div class=\"elementor-element elementor-element-4f1acb9 elementor-widget elementor-widget-heading\" data-id=\"4f1acb9\" data-element_type=\"widget\" data-widget_type=\"heading.default\">\n\t\t\t\t<div class=\"elementor-widget-container\">\n\t\t\t\t\t<div class=\"elementor-heading-title elementor-size-default\"><a href=\"tel:+385%2099%2044%20899%2010\">+385 99 44 899 10<\/a><\/div>\t\t\t\t<\/div>\n\t\t\t\t<\/div>\n\t\t\t\t<\/div>\n\t\t<div class=\"elementor-element elementor-element-2aed025 e-con-full e-flex e-con e-child\" data-id=\"2aed025\" data-element_type=\"container\">\n\t\t\t\t<div class=\"elementor-element elementor-element-c33f87a elementor-widget elementor-widget-heading\" data-id=\"c33f87a\" data-element_type=\"widget\" data-widget_type=\"heading.default\">\n\t\t\t\t<div class=\"elementor-widget-container\">\n\t\t\t\t\t<h4 class=\"elementor-heading-title elementor-size-default\">GPS koordinate<\/h4>\t\t\t\t<\/div>\n\t\t\t\t<\/div>\n\t\t\t\t<div class=\"elementor-element elementor-element-000c52a elementor-widget elementor-widget-heading\" data-id=\"000c52a\" data-element_type=\"widget\" data-widget_type=\"heading.default\">\n\t\t\t\t<div class=\"elementor-widget-container\">\n\t\t\t\t\t<div class=\"elementor-heading-title elementor-size-default\">43\u00b030'23.1\u2033N<\/br> 16\u00b025'07.5\u2033E<\/div>\t\t\t\t<\/div>\n\t\t\t\t<\/div>\n\t\t\t\t<\/div>\n\t\t\t\t<\/div>\n\t\t\t\t<div class=\"elementor-element elementor-element-58a4246 elementor-invisible elementor-widget elementor-widget-google_maps\" data-id=\"58a4246\" data-element_type=\"widget\" data-settings=\"{&quot;_animation&quot;:&quot;fadeInUp&quot;}\" data-widget_type=\"google_maps.default\">\n\t\t\t\t<div class=\"elementor-widget-container\">\n\t\t\t\t\t\t\t<div class=\"elementor-custom-embed\">\n\t\t\t<iframe loading=\"lazy\"\n\t\t\t\t\tsrc=\"https:\/\/maps.google.com\/maps?q=Hotel%20Svita%2C%20Split&#038;t=m&#038;z=14&#038;output=embed&#038;iwloc=near\"\n\t\t\t\t\ttitle=\"Hotel Svita, Split\"\n\t\t\t\t\taria-label=\"Hotel Svita, Split\"\n\t\t\t><\/iframe>\n\t\t<\/div>\n\t\t\t\t\t\t<\/div>\n\t\t\t\t<\/div>\n\t\t<div class=\"elementor-element elementor-element-8f35ed6 e-con-full e-flex e-con e-child\" data-id=\"8f35ed6\" data-element_type=\"container\">\n\t\t<div class=\"elementor-element elementor-element-6a172e6 e-con-full e-flex e-con e-child\" data-id=\"6a172e6\" data-element_type=\"container\">\n\t\t\t\t<div class=\"elementor-element elementor-element-111151e elementor-widget elementor-widget-heading\" data-id=\"111151e\" data-element_type=\"widget\" data-widget_type=\"heading.default\">\n\t\t\t\t<div class=\"elementor-widget-container\">\n\t\t\t\t\t<h4 class=\"elementor-heading-title elementor-size-default\">Dolazak u hotel Cvita<\/h4>\t\t\t\t<\/div>\n\t\t\t\t<\/div>\n\t\t\t\t<div class=\"elementor-element elementor-element-14281ec elementor-widget elementor-widget-text-editor\" data-id=\"14281ec\" data-element_type=\"widget\" data-widget_type=\"text-editor.default\">\n\t\t\t\t<div class=\"elementor-widget-container\">\n\t\t\t\t\t\t\t\t\t<p>Postoje razli\u010dite opcije kako do\u0107i do na\u0161eg hotela. Najlak\u0161e bi bilo putovati automobilom.<br \/> Blizina trajektne luke i autobusnog kolodvora omogu\u0107uje Vam brzi dolazak do hotela. <\/p>\n<p>Dolaskom u Zra\u010dnu luku Split dobivate kratku vremensku udaljenost od luke do grada. Samo pola sata vo\u017enje i ve\u0107 ste u udobnosti svoje rezervirane sobe. <\/p>\n<p>Tako\u0111er nudimo razli\u010dite vrste privatnih transfera s profesionalnim voza\u010dima do podru\u010dja koje \u017eelite posjetiti.<\/p>\n\t\t\t\t\t\t\t\t<\/div>\n\t\t\t\t<\/div>\n\t\t\t\t<\/div>\n\t\t\t\t<\/div>\n\t\t\t\t<\/div>\n\t\t<div class=\"elementor-element elementor-element-59600fc e-con-full e-flex elementor-invisible e-con e-child\" data-id=\"59600fc\" data-element_type=\"container\" data-settings=\"{&quot;background_background&quot;:&quot;classic&quot;,&quot;animation&quot;:&quot;fadeInUp&quot;}\">\n\t\t\t\t<div class=\"elementor-element elementor-element-c9b9fbb elementor-widget elementor-widget-image\" data-id=\"c9b9fbb\" data-element_type=\"widget\" data-widget_type=\"image.default\">\n\t\t\t\t<div class=\"elementor-widget-container\">\n\t\t\t\t\t\t\t\t\t\t\t\t\t\t\t<img fetchpriority=\"high\" decoding=\"async\" width=\"800\" height=\"519\" src=\"https:\/\/hotelcvita.com\/wp-content\/uploads\/2025\/02\/contact-1024x664.jpg\" class=\"attachment-large size-large wp-image-8288\" alt=\"\" srcset=\"https:\/\/hotelcvita.com\/wp-content\/uploads\/2025\/02\/contact-1024x664.jpg 1024w, https:\/\/hotelcvita.com\/wp-content\/uploads\/2025\/02\/contact-300x194.jpg 300w, https:\/\/hotelcvita.com\/wp-content\/uploads\/2025\/02\/contact-768x498.jpg 768w, https:\/\/hotelcvita.com\/wp-content\/uploads\/2025\/02\/contact.jpg 1080w\" sizes=\"(max-width: 800px) 100vw, 800px\" \/>\t\t\t\t\t\t\t\t\t\t\t\t\t\t\t<\/div>\n\t\t\t\t<\/div>\n\t\t\t\t<div class=\"elementor-element elementor-element-9b7fab3 elementor-widget elementor-widget-heading\" data-id=\"9b7fab3\" data-element_type=\"widget\" data-widget_type=\"heading.default\">\n\t\t\t\t<div class=\"elementor-widget-container\">\n\t\t\t\t\t<h4 class=\"elementor-heading-title elementor-size-default\">Imate li pitanja za nas?<\/h4>\t\t\t\t<\/div>\n\t\t\t\t<\/div>\n\t\t\t\t<div class=\"elementor-element elementor-element-a223f6f elementor-button-align-stretch elementor-widget elementor-widget-form\" data-id=\"a223f6f\" data-element_type=\"widget\" data-settings=\"{&quot;step_next_label&quot;:&quot;Sljede\\u0107i&quot;,&quot;step_previous_label&quot;:&quot;Prethodno&quot;,&quot;button_width&quot;:&quot;100&quot;,&quot;step_type&quot;:&quot;number_text&quot;,&quot;step_icon_shape&quot;:&quot;circle&quot;}\" data-widget_type=\"form.default\">\n\t\t\t\t<div class=\"elementor-widget-container\">\n\t\t\t\t\t\t\t<form class=\"elementor-form\" method=\"post\" name=\"Kontakt obrazac\" aria-label=\"Kontakt obrazac\">\n\t\t\t<input type=\"hidden\" name=\"post_id\" value=\"8482\"\/>\n\t\t\t<input type=\"hidden\" name=\"form_id\" value=\"a223f6f\"\/>\n\t\t\t<input type=\"hidden\" name=\"referer_title\" value=\"Hotel Cvita Split Hrvatska\" \/>\n\n\t\t\t\n\t\t\t<div class=\"elementor-form-fields-wrapper elementor-labels-\">\n\t\t\t\t\t\t\t\t<div class=\"elementor-field-type-text elementor-field-group elementor-column elementor-field-group-name elementor-col-100\">\n\t\t\t\t\t\t\t\t\t\t\t\t<label for=\"form-field-name\" class=\"elementor-field-label elementor-screen-only\">\n\t\t\t\t\t\t\t\tIme\t\t\t\t\t\t\t<\/label>\n\t\t\t\t\t\t\t\t\t\t\t\t\t\t<input size=\"1\" type=\"text\" name=\"form_fields[name]\" id=\"form-field-name\" class=\"elementor-field elementor-size-sm  elementor-field-textual\" placeholder=\"Puno ime\">\n\t\t\t\t\t\t\t\t\t\t\t<\/div>\n\t\t\t\t\t\t\t\t<div class=\"elementor-field-type-email elementor-field-group elementor-column elementor-field-group-email elementor-col-100 elementor-field-required\">\n\t\t\t\t\t\t\t\t\t\t\t\t<label for=\"form-field-email\" class=\"elementor-field-label elementor-screen-only\">\n\t\t\t\t\t\t\t\tE-mail\t\t\t\t\t\t\t<\/label>\n\t\t\t\t\t\t\t\t\t\t\t\t\t\t<input size=\"1\" type=\"email\" name=\"form_fields[email]\" id=\"form-field-email\" class=\"elementor-field elementor-size-sm  elementor-field-textual\" placeholder=\"E-mail adresa\" required=\"required\">\n\t\t\t\t\t\t\t\t\t\t\t<\/div>\n\t\t\t\t\t\t\t\t<div class=\"elementor-field-type-textarea elementor-field-group elementor-column elementor-field-group-message elementor-col-100\">\n\t\t\t\t\t\t\t\t\t\t\t\t<label for=\"form-field-message\" class=\"elementor-field-label elementor-screen-only\">\n\t\t\t\t\t\t\t\tPoruka\t\t\t\t\t\t\t<\/label>\n\t\t\t\t\t\t<textarea class=\"elementor-field-textual elementor-field  elementor-size-sm\" name=\"form_fields[message]\" id=\"form-field-message\" rows=\"4\" placeholder=\"Poruka\"><\/textarea>\t\t\t\t<\/div>\n\t\t\t\t\t\t\t\t<div class=\"elementor-field-type-recaptcha_v3 elementor-field-group elementor-column elementor-field-group-field_68ea7c7 elementor-col-100 recaptcha_v3-bottomright\">\n\t\t\t\t\t<div class=\"elementor-field\" id=\"form-field-field_68ea7c7\"><div class=\"elementor-g-recaptcha\" data-sitekey=\"6Ld6NN8qAAAAAHnoz6cIYHBcjFbMljhkAoVFMmKo\" data-type=\"v3\" data-action=\"Form\" data-badge=\"bottomright\" data-size=\"invisible\"><\/div><\/div>\t\t\t\t<\/div>\n\t\t\t\t\t\t\t\t<div class=\"elementor-field-group elementor-column elementor-field-type-submit elementor-col-100 e-form__buttons\">\n\t\t\t\t\t<button class=\"elementor-button elementor-size-sm elementor-animation-bob\" type=\"submit\">\n\t\t\t\t\t\t<span class=\"elementor-button-content-wrapper\">\n\t\t\t\t\t\t\t\t\t\t\t\t\t\t\t<span class=\"elementor-button-icon\">\n\t\t\t\t\t\t\t\t\t<svg aria-hidden=\"true\" class=\"e-font-icon-svg e-fas-envelope\" viewBox=\"0 0 512 512\" xmlns=\"http:\/\/www.w3.org\/2000\/svg\"><path d=\"M502.3 190.8c3.9-3.1 9.7-.2 9.7 4.7V400c0 26.5-21.5 48-48 48H48c-26.5 0-48-21.5-48-48V195.6c0-5 5.7-7.8 9.7-4.7 22.4 17.4 52.1 39.5 154.1 113.6 21.1 15.4 56.7 47.8 92.2 47.6 35.7.3 72-32.8 92.3-47.6 102-74.1 131.6-96.3 154-113.7zM256 320c23.2.4 56.6-29.2 73.4-41.4 132.7-96.3 142.8-104.7 173.4-128.7 5.8-4.5 9.2-11.5 9.2-18.9v-19c0-26.5-21.5-48-48-48H48C21.5 64 0 85.5 0 112v19c0 7.4 3.4 14.3 9.2 18.9 30.6 23.9 40.7 32.4 173.4 128.7 16.8 12.2 50.2 41.8 73.4 41.4z\"><\/path><\/svg>\t\t\t\t\t\t\t\t\t\t\t\t\t\t\t\t\t<\/span>\n\t\t\t\t\t\t\t\t\t\t\t\t\t\t\t\t\t\t\t\t\t\t<span class=\"elementor-button-text\">poslati poruku<\/span>\n\t\t\t\t\t\t\t\t\t\t\t\t\t<\/span>\n\t\t\t\t\t<\/button>\n\t\t\t\t<\/div>\n\t\t\t<\/div>\n\t\t<\/form>\n\t\t\t\t\t\t<\/div>\n\t\t\t\t<\/div>\n\t\t\t\t<\/div>\n\t\t\t\t\t<\/div>\n\t\t\t\t<\/div>\n\t\t\t\t<\/div>\n\t\t","protected":false},"excerpt":{"rendered":"<p>Lokacija i kontakt Hotel Cvita smje\u0161ten je na ju\u017enim padinama brda Marjan, okru\u017een gustom borovom \u0161umom i pru\u017ea prekrasan pogled na jug prema otvorenom moru koji oduzima dah. Jedini je to hotel unutar granica Park \u0161ume Marjan, \u0161to ga \u010dini zaista posebnom oazom. Jedinstvena lokacija hotela u Splitu omogu\u0107uje vam da imate najbolje od oba [&hellip;]<\/p>\n","protected":false},"author":1,"featured_media":0,"parent":0,"menu_order":5,"comment_status":"closed","ping_status":"closed","template":"elementor_header_footer","meta":{"_joinchat":[],"footnotes":""},"class_list":["post-8482","page","type-page","status-publish","hentry"],"yoast_head":"<!-- This site is optimized with the Yoast SEO plugin v26.2 - https:\/\/yoast.com\/wordpress\/plugins\/seo\/ -->\n<title>Kontakt - Hotel Cvita Split Hrvatska<\/title>\n<meta name=\"description\" content=\"Kontaktirajte Hotel Cvita na +385 21 549 731, +385 99 44 899 10, info@hotelcvita.com, Antuna Mihanovi\u0107a 42F, 21000-HR, Split, Hrvatska\" \/>\n<meta name=\"robots\" content=\"index, follow, max-snippet:-1, max-image-preview:large, max-video-preview:-1\" \/>\n<link rel=\"canonical\" href=\"https:\/\/hotelcvita.com\/hr\/kontakt\/\" \/>\n<meta property=\"og:locale\" content=\"hr_HR\" \/>\n<meta property=\"og:type\" content=\"article\" \/>\n<meta property=\"og:title\" content=\"Kontakt - Hotel Cvita Split Hrvatska\" \/>\n<meta property=\"og:description\" content=\"Kontaktirajte Hotel Cvita na +385 21 549 731, +385 99 44 899 10, info@hotelcvita.com, Antuna Mihanovi\u0107a 42F, 21000-HR, Split, Hrvatska\" \/>\n<meta property=\"og:url\" content=\"https:\/\/hotelcvita.com\/hr\/kontakt\/\" \/>\n<meta property=\"og:site_name\" content=\"Hotel Cvita Split Hrvatska\" \/>\n<meta property=\"article:modified_time\" content=\"2025-02-22T21:21:11+00:00\" \/>\n<meta property=\"og:image\" content=\"https:\/\/hotelcvita.com\/wp-content\/uploads\/2025\/02\/contact.jpg\" \/>\n\t<meta property=\"og:image:width\" content=\"1080\" \/>\n\t<meta property=\"og:image:height\" content=\"700\" \/>\n\t<meta property=\"og:image:type\" content=\"image\/jpeg\" \/>\n<meta name=\"twitter:card\" content=\"summary_large_image\" \/>\n<meta name=\"twitter:label1\" content=\"Procijenjeno vrijeme \u010ditanja\" \/>\n\t<meta name=\"twitter:data1\" content=\"1 minuta\" \/>\n<script type=\"application\/ld+json\" class=\"yoast-schema-graph\">{\"@context\":\"https:\/\/schema.org\",\"@graph\":[{\"@type\":\"WebPage\",\"@id\":\"https:\/\/hotelcvita.com\/hr\/kontakt\/\",\"url\":\"https:\/\/hotelcvita.com\/hr\/kontakt\/\",\"name\":\"Kontakt - Hotel Cvita Split Hrvatska\",\"isPartOf\":{\"@id\":\"https:\/\/hotelcvita.com\/hr\/#website\"},\"primaryImageOfPage\":{\"@id\":\"https:\/\/hotelcvita.com\/hr\/kontakt\/#primaryimage\"},\"image\":{\"@id\":\"https:\/\/hotelcvita.com\/hr\/kontakt\/#primaryimage\"},\"thumbnailUrl\":\"https:\/\/hotelcvita.com\/wp-content\/uploads\/2025\/02\/contact-1024x664.jpg\",\"datePublished\":\"2020-01-20T07:01:57+00:00\",\"dateModified\":\"2025-02-22T21:21:11+00:00\",\"description\":\"Kontaktirajte Hotel Cvita na +385 21 549 731, +385 99 44 899 10, info@hotelcvita.com, Antuna Mihanovi\u0107a 42F, 21000-HR, Split, Hrvatska\",\"breadcrumb\":{\"@id\":\"https:\/\/hotelcvita.com\/hr\/kontakt\/#breadcrumb\"},\"inLanguage\":\"hr\",\"potentialAction\":[{\"@type\":\"ReadAction\",\"target\":[\"https:\/\/hotelcvita.com\/hr\/kontakt\/\"]}]},{\"@type\":\"ImageObject\",\"inLanguage\":\"hr\",\"@id\":\"https:\/\/hotelcvita.com\/hr\/kontakt\/#primaryimage\",\"url\":\"https:\/\/hotelcvita.com\/wp-content\/uploads\/2025\/02\/contact-1024x664.jpg\",\"contentUrl\":\"https:\/\/hotelcvita.com\/wp-content\/uploads\/2025\/02\/contact-1024x664.jpg\"},{\"@type\":\"BreadcrumbList\",\"@id\":\"https:\/\/hotelcvita.com\/hr\/kontakt\/#breadcrumb\",\"itemListElement\":[{\"@type\":\"ListItem\",\"position\":1,\"name\":\"Home\",\"item\":\"https:\/\/hotelcvita.com\/hr\/\"},{\"@type\":\"ListItem\",\"position\":2,\"name\":\"Kontakt\"}]},{\"@type\":\"WebSite\",\"@id\":\"https:\/\/hotelcvita.com\/hr\/#website\",\"url\":\"https:\/\/hotelcvita.com\/hr\/\",\"name\":\"Hotel Cvita Split Hrvatska\",\"description\":\"Odsjednite u hotelu Cvita, luksuznom mjestu za bijeg u parku Marjan s prekrasnim pogledom na Jadran, samo nekoliko minuta od centra grada Splita koji je pod za\u0161titom UNESCO-a.\",\"publisher\":{\"@id\":\"https:\/\/hotelcvita.com\/hr\/#organization\"},\"potentialAction\":[{\"@type\":\"SearchAction\",\"target\":{\"@type\":\"EntryPoint\",\"urlTemplate\":\"https:\/\/hotelcvita.com\/hr\/?s={search_term_string}\"},\"query-input\":{\"@type\":\"PropertyValueSpecification\",\"valueRequired\":true,\"valueName\":\"search_term_string\"}}],\"inLanguage\":\"hr\"},{\"@type\":\"Organization\",\"@id\":\"https:\/\/hotelcvita.com\/hr\/#organization\",\"name\":\"Hotel Cvita Split Hrvatska\",\"url\":\"https:\/\/hotelcvita.com\/hr\/\",\"logo\":{\"@type\":\"ImageObject\",\"inLanguage\":\"hr\",\"@id\":\"https:\/\/hotelcvita.com\/hr\/#\/schema\/logo\/image\/\",\"url\":\"https:\/\/hotelcvita.com\/wp-content\/uploads\/2024\/10\/hotel-cvita-split-logo.png\",\"contentUrl\":\"https:\/\/hotelcvita.com\/wp-content\/uploads\/2024\/10\/hotel-cvita-split-logo.png\",\"width\":360,\"height\":360,\"caption\":\"Hotel Cvita Split Hrvatska\"},\"image\":{\"@id\":\"https:\/\/hotelcvita.com\/hr\/#\/schema\/logo\/image\/\"}}]}<\/script>\n<!-- \/ Yoast SEO plugin. -->","yoast_head_json":{"title":"Kontakt - Hotel Cvita Split Hrvatska","description":"Kontaktirajte Hotel Cvita na +385 21 549 731, +385 99 44 899 10, info@hotelcvita.com, Antuna Mihanovi\u0107a 42F, 21000-HR, Split, Hrvatska","robots":{"index":"index","follow":"follow","max-snippet":"max-snippet:-1","max-image-preview":"max-image-preview:large","max-video-preview":"max-video-preview:-1"},"canonical":"https:\/\/hotelcvita.com\/hr\/kontakt\/","og_locale":"hr_HR","og_type":"article","og_title":"Kontakt - Hotel Cvita Split Hrvatska","og_description":"Kontaktirajte Hotel Cvita na +385 21 549 731, +385 99 44 899 10, info@hotelcvita.com, Antuna Mihanovi\u0107a 42F, 21000-HR, Split, Hrvatska","og_url":"https:\/\/hotelcvita.com\/hr\/kontakt\/","og_site_name":"Hotel Cvita Split Hrvatska","article_modified_time":"2025-02-22T21:21:11+00:00","og_image":[{"width":1080,"height":700,"url":"https:\/\/hotelcvita.com\/wp-content\/uploads\/2025\/02\/contact.jpg","type":"image\/jpeg"}],"twitter_card":"summary_large_image","twitter_misc":{"Procijenjeno vrijeme \u010ditanja":"1 minuta"},"schema":{"@context":"https:\/\/schema.org","@graph":[{"@type":"WebPage","@id":"https:\/\/hotelcvita.com\/hr\/kontakt\/","url":"https:\/\/hotelcvita.com\/hr\/kontakt\/","name":"Kontakt - Hotel Cvita Split Hrvatska","isPartOf":{"@id":"https:\/\/hotelcvita.com\/hr\/#website"},"primaryImageOfPage":{"@id":"https:\/\/hotelcvita.com\/hr\/kontakt\/#primaryimage"},"image":{"@id":"https:\/\/hotelcvita.com\/hr\/kontakt\/#primaryimage"},"thumbnailUrl":"https:\/\/hotelcvita.com\/wp-content\/uploads\/2025\/02\/contact-1024x664.jpg","datePublished":"2020-01-20T07:01:57+00:00","dateModified":"2025-02-22T21:21:11+00:00","description":"Kontaktirajte Hotel Cvita na +385 21 549 731, +385 99 44 899 10, info@hotelcvita.com, Antuna Mihanovi\u0107a 42F, 21000-HR, Split, Hrvatska","breadcrumb":{"@id":"https:\/\/hotelcvita.com\/hr\/kontakt\/#breadcrumb"},"inLanguage":"hr","potentialAction":[{"@type":"ReadAction","target":["https:\/\/hotelcvita.com\/hr\/kontakt\/"]}]},{"@type":"ImageObject","inLanguage":"hr","@id":"https:\/\/hotelcvita.com\/hr\/kontakt\/#primaryimage","url":"https:\/\/hotelcvita.com\/wp-content\/uploads\/2025\/02\/contact-1024x664.jpg","contentUrl":"https:\/\/hotelcvita.com\/wp-content\/uploads\/2025\/02\/contact-1024x664.jpg"},{"@type":"BreadcrumbList","@id":"https:\/\/hotelcvita.com\/hr\/kontakt\/#breadcrumb","itemListElement":[{"@type":"ListItem","position":1,"name":"Home","item":"https:\/\/hotelcvita.com\/hr\/"},{"@type":"ListItem","position":2,"name":"Kontakt"}]},{"@type":"WebSite","@id":"https:\/\/hotelcvita.com\/hr\/#website","url":"https:\/\/hotelcvita.com\/hr\/","name":"Hotel Cvita Split Hrvatska","description":"Odsjednite u hotelu Cvita, luksuznom mjestu za bijeg u parku Marjan s prekrasnim pogledom na Jadran, samo nekoliko minuta od centra grada Splita koji je pod za\u0161titom UNESCO-a.","publisher":{"@id":"https:\/\/hotelcvita.com\/hr\/#organization"},"potentialAction":[{"@type":"SearchAction","target":{"@type":"EntryPoint","urlTemplate":"https:\/\/hotelcvita.com\/hr\/?s={search_term_string}"},"query-input":{"@type":"PropertyValueSpecification","valueRequired":true,"valueName":"search_term_string"}}],"inLanguage":"hr"},{"@type":"Organization","@id":"https:\/\/hotelcvita.com\/hr\/#organization","name":"Hotel Cvita Split Hrvatska","url":"https:\/\/hotelcvita.com\/hr\/","logo":{"@type":"ImageObject","inLanguage":"hr","@id":"https:\/\/hotelcvita.com\/hr\/#\/schema\/logo\/image\/","url":"https:\/\/hotelcvita.com\/wp-content\/uploads\/2024\/10\/hotel-cvita-split-logo.png","contentUrl":"https:\/\/hotelcvita.com\/wp-content\/uploads\/2024\/10\/hotel-cvita-split-logo.png","width":360,"height":360,"caption":"Hotel Cvita Split Hrvatska"},"image":{"@id":"https:\/\/hotelcvita.com\/hr\/#\/schema\/logo\/image\/"}}]}},"_links":{"self":[{"href":"https:\/\/hotelcvita.com\/hr\/wp-json\/wp\/v2\/pages\/8482","targetHints":{"allow":["GET"]}}],"collection":[{"href":"https:\/\/hotelcvita.com\/hr\/wp-json\/wp\/v2\/pages"}],"about":[{"href":"https:\/\/hotelcvita.com\/hr\/wp-json\/wp\/v2\/types\/page"}],"author":[{"embeddable":true,"href":"https:\/\/hotelcvita.com\/hr\/wp-json\/wp\/v2\/users\/1"}],"replies":[{"embeddable":true,"href":"https:\/\/hotelcvita.com\/hr\/wp-json\/wp\/v2\/comments?post=8482"}],"version-history":[{"count":5,"href":"https:\/\/hotelcvita.com\/hr\/wp-json\/wp\/v2\/pages\/8482\/revisions"}],"predecessor-version":[{"id":8604,"href":"https:\/\/hotelcvita.com\/hr\/wp-json\/wp\/v2\/pages\/8482\/revisions\/8604"}],"wp:attachment":[{"href":"https:\/\/hotelcvita.com\/hr\/wp-json\/wp\/v2\/media?parent=8482"}],"curies":[{"name":"wp","href":"https:\/\/api.w.org\/{rel}","templated":true}]}}